{"id":377,"date":"2016-01-07T04:23:21","date_gmt":"2016-01-07T04:23:21","guid":{"rendered":"http:\/\/consulting.stylemixthemes.com\/?page_id=377"},"modified":"2025-03-28T08:10:44","modified_gmt":"2025-03-28T08:10:44","slug":"company-history","status":"publish","type":"page","link":"https:\/\/ghanare.com\/fr\/company-profile\/company-history\/","title":{"rendered":"Histoire de l&#039;entreprise"},"content":{"rendered":"<body>\t\t<div data-elementor-type=\"wp-page\" data-elementor-id=\"377\" class=\"elementor elementor-377\">\n\t\t\t\t\t\t<section class=\"elementor-section elementor-top-section elementor-element elementor-element-4e14020d elementor-section-boxed elementor-section-height-default elementor-section-height-default\" data-id=\"4e14020d\" data-element_type=\"section\" data-e-type=\"section\" data-settings='{\"background_background\":\"classic\"}'>\n\t\t\t\t\t\t<div class=\"elementor-container elementor-column-gap-default\">\n\t\t\t\t\t<div class=\"elementor-column elementor-col-100 elementor-top-column elementor-element elementor-element-2c1549c\" data-id=\"2c1549c\" data-element_type=\"column\" data-e-type=\"column\" data-settings='{\"background_background\":\"classic\"}'>\n\t\t\t<div class=\"elementor-widget-wrap elementor-element-populated\">\n\t\t\t\t\t\t<section class=\"elementor-section elementor-inner-section elementor-element elementor-element-5b43d969 mobile_no_paddings elementor-section-boxed elementor-section-height-default elementor-section-height-default\" data-id=\"5b43d969\" data-element_type=\"section\" data-e-type=\"section\" data-settings='{\"background_background\":\"classic\"}'>\n\t\t\t\t\t\t<div class=\"elementor-container elementor-column-gap-default\">\n\t\t\t\t\t<div class=\"elementor-column elementor-col-100 elementor-top-column elementor-element elementor-element-198635ef mobile_no_paddings\" data-id=\"198635ef\" data-element_type=\"column\" data-e-type=\"column\" data-settings='{\"background_background\":\"classic\"}'>\n\t\t\t<div class=\"elementor-widget-wrap elementor-element-populated\">\n\t\t\t\t\t\t<div class=\"elementor-element elementor-element-2a16f1ba elementor-widget elementor-widget-stm_quote\" data-id=\"2a16f1ba\" data-element_type=\"widget\" data-e-type=\"widget\" data-widget_type=\"stm_quote.default\">\n\t\t\t\t<div class=\"elementor-widget-container\">\n\t\t\t\t\t\r\n<div class=\"quote_box custom consulting_elementor_quote\" style=\"color: #ffffff\">\r\n            <div class=\"quote\">\r\n            \"Nous disposons de plus de 50 ans d\u2019exp\u00e9rience dans la fourniture de services de r\u00e9assurance dans la sous-r\u00e9gion africaine.\"        <\/div>\r\n            <\/div>\t\t\t\t<\/div>\n\t\t\t\t<\/div>\n\t\t\t\t\t<\/div>\n\t\t<\/div>\n\t\t\t\t<div class=\"elementor-column elementor-col-58 elementor-top-column elementor-element elementor-element-79fbdcf1 elementor-hidden-tablet elementor-hidden-phone\" data-id=\"79fbdcf1\" data-element_type=\"column\" data-e-type=\"column\">\n\t\t\t<div class=\"elementor-widget-wrap\">\n\t\t\t\t\t\t\t<\/div>\n\t\t<\/div>\n\t\t\t\t\t<\/div>\n\t\t<\/section>\n\t\t\t\t\t<\/div>\n\t\t<\/div>\n\t\t\t\t\t<\/div>\n\t\t<\/section>\n\t\t\t\t<section class=\"elementor-section elementor-top-section elementor-element elementor-element-1ff19b1 elementor-section-boxed elementor-section-height-default elementor-section-height-default\" data-id=\"1ff19b1\" data-element_type=\"section\" data-e-type=\"section\">\n\t\t\t\t\t\t<div class=\"elementor-container elementor-column-gap-default\">\n\t\t\t\t\t<div class=\"elementor-column elementor-col-100 elementor-top-column elementor-element elementor-element-1ff2169\" data-id=\"1ff2169\" data-element_type=\"column\" data-e-type=\"column\">\n\t\t\t<div class=\"elementor-widget-wrap elementor-element-populated\">\n\t\t\t\t\t\t<div class=\"elementor-element elementor-element-1ff384e elementor-widget elementor-widget-text-editor\" data-id=\"1ff384e\" data-element_type=\"widget\" data-e-type=\"widget\" data-widget_type=\"text-editor.default\">\n\t\t\t\t<div class=\"elementor-widget-container\">\n\t\t\t\t\t\t\t\t\t<h2>Historique de l\u2019entreprise<\/h2>\n<p data-start=\"59\" data-end=\"531\">Ghana Reinsurance PLC (Ghana Re) a commenc\u00e9 ses activit\u00e9s en 1972 sous le nom de Ghana Reinsurance Organization et a \u00e9t\u00e9 constitu\u00e9e en tant que soci\u00e9t\u00e9 \u00e0 responsabilit\u00e9 limit\u00e9e le 16 juin 1995. Avec plus de quarante-huit (48) ans d&#039;activit\u00e9 en tant que fournisseur de services de r\u00e9assurance, la soci\u00e9t\u00e9 a a tenu sa promesse d&#039;\u00eatre un \u00ab r\u00e9assureur de choix \u00bb sur le continent africain. En plus de son si\u00e8ge social situ\u00e9 \u00e0 Accra, au Ghana, la Soci\u00e9t\u00e9 compte actuellement trois bureaux r\u00e9gionaux au Kenya, au Cameroun et au Maroc.<\/p>\n<p data-start=\"533\" data-end=\"736\">Ghana Reinsurance PLC (Ghana Re) est la premi\u00e8re et la plus grande soci\u00e9t\u00e9 de r\u00e9assurance cr\u00e9\u00e9e au Ghana. Au fil des ann\u00e9es, elle est devenue l\u2019un des principaux r\u00e9assureurs d\u2019Afrique, offrant ses services \u00e0 plus de 300 clients \u00e0 travers le continent.<\/p>\n\t\t\t\t\t\t\t\t<\/div>\n\t\t\t\t<\/div>\n\t\t\t\t<div class=\"elementor-element elementor-element-1ff3b97 elementor-widget elementor-widget-stm_company_history\" data-id=\"1ff3b97\" data-element_type=\"widget\" data-e-type=\"widget\" data-widget_type=\"stm_company_history.default\">\n\t\t\t\t<div class=\"elementor-widget-container\">\n\t\t\t\t\t\r\n    <div class=\"company_history style_1\">\r\n        <ul>\r\n                            <li>\r\n\r\n                                            <div class=\"year\">1972<\/div>\r\n                    \r\n                    <div class=\"sep\"><\/div>\r\n\r\n                    <div class=\"company_history_text\">\r\n\r\n                                                    <h4 class=\"no_stripe\">Cr\u00e9\u00e9 en tant que d\u00e9partement de r\u00e9assurance de SIC Insurance Company (alors State Insurance Corporation)<\/h4>\r\n                        \r\n                        \r\n                    <\/div>\r\n\r\n                <\/li>\r\n                            <li>\r\n\r\n                                            <div class=\"year\">1984<\/div>\r\n                    \r\n                    <div class=\"sep\"><\/div>\r\n\r\n                    <div class=\"company_history_text\">\r\n\r\n                                                    <h4 class=\"no_stripe\">Autonomie acquise en tant que compagnie de r\u00e9assurance<\/h4>\r\n                        \r\n                        \r\n                    <\/div>\r\n\r\n                <\/li>\r\n                            <li>\r\n\r\n                                            <div class=\"year\">1995<\/div>\r\n                    \r\n                    <div class=\"sep\"><\/div>\r\n\r\n                    <div class=\"company_history_text\">\r\n\r\n                                                    <h4 class=\"no_stripe\">Incorpor\u00e9 en tant que soci\u00e9t\u00e9 \u00e0 responsabilit\u00e9 limit\u00e9e avec une participation gouvernementale 100%<\/h4>\r\n                        \r\n                        \r\n                    <\/div>\r\n\r\n                <\/li>\r\n                            <li>\r\n\r\n                                            <div class=\"year\">2011<\/div>\r\n                    \r\n                    <div class=\"sep\"><\/div>\r\n\r\n                    <div class=\"company_history_text\">\r\n\r\n                                                    <h4 class=\"no_stripe\">Cr\u00e9ation du bureau r\u00e9gional du Cameroun<\/h4>\r\n                        \r\n                        \r\n                    <\/div>\r\n\r\n                <\/li>\r\n                            <li>\r\n\r\n                                            <div class=\"year\">2012<\/div>\r\n                    \r\n                    <div class=\"sep\"><\/div>\r\n\r\n                    <div class=\"company_history_text\">\r\n\r\n                                                    <h4 class=\"no_stripe\">D\u00e9m\u00e9nagement dans le b\u00e2timent actuel du si\u00e8ge social, \u00e9tablissement du bureau r\u00e9gional du Kenya<\/h4>\r\n                        \r\n                        \r\n                    <\/div>\r\n\r\n                <\/li>\r\n                            <li>\r\n\r\n                                            <div class=\"year\">2017<\/div>\r\n                    \r\n                    <div class=\"sep\"><\/div>\r\n\r\n                    <div class=\"company_history_text\">\r\n\r\n                                                    <h4 class=\"no_stripe\">Statut du bureau r\u00e9gional du Kenya chang\u00e9 en filiale<\/h4>\r\n                        \r\n                        \r\n                    <\/div>\r\n\r\n                <\/li>\r\n                            <li>\r\n\r\n                                            <div class=\"year\">2022<\/div>\r\n                    \r\n                    <div class=\"sep\"><\/div>\r\n\r\n                    <div class=\"company_history_text\">\r\n\r\n                                                    <h4 class=\"no_stripe\">Cr\u00e9ation du bureau r\u00e9gional du Maroc<\/h4>\r\n                        \r\n                        \r\n                    <\/div>\r\n\r\n                <\/li>\r\n                    <\/ul>\r\n    <\/div>\r\n\r\n\t\t\t\t<\/div>\n\t\t\t\t<\/div>\n\t\t\t\t<div class=\"elementor-element elementor-element-1ff409f elementor-widget elementor-widget-stm_spacing\" data-id=\"1ff409f\" data-element_type=\"widget\" data-e-type=\"widget\" data-widget_type=\"stm_spacing.default\">\n\t\t\t\t<div class=\"elementor-widget-container\">\n\t\t\t\t\t<div class=\"stm-spacing\" id=\"stm-spacing-69ee76f66dd94\"><\/div>\r\n<script>\r\n    (function($){\r\n        \"use strict\";\r\n        var spacingID = 'stm-spacing-69ee76f66dd94',\r\n            lgSpacing = '100',\r\n            mdSpacing = '100',\r\n            smSpacing = '60',\r\n            xsSpacing = '60';\r\n\r\n        function stmSpacing() {\r\n            if ( window.matchMedia(\"(min-width: 1200px)\").matches && lgSpacing ) {\r\n                $( '#' + spacingID ).css ( \"height\", lgSpacing );\r\n            } else if ( window.matchMedia(\"(max-width: 1199px) and (min-width: 992px )\").matches && mdSpacing ) {\r\n                $( '#' + spacingID ).css ( \"height\", mdSpacing );\r\n            } else if ( window.matchMedia(\"(max-width: 991px) and (min-width: 768px )\").matches && smSpacing ) {\r\n                $( '#' + spacingID ).css ( \"height\", smSpacing );\r\n            } else if ( window.matchMedia(\"(max-width: 767px)\").matches && xsSpacing ) {\r\n                $( '#' + spacingID ).css ( \"height\", xsSpacing );\r\n            } else {\r\n                $( '#' + spacingID ).css ( \"height\", \"\" );\r\n            }\r\n        }\r\n\r\n        $(document).ready(function() {\r\n            stmSpacing();\r\n        });\r\n\r\n        $(window).resize(function() {\r\n            stmSpacing();\r\n        });\r\n\r\n    })(jQuery);\r\n<\/script>\t\t\t\t<\/div>\n\t\t\t\t<\/div>\n\t\t\t\t\t<\/div>\n\t\t<\/div>\n\t\t\t\t\t<\/div>\n\t\t<\/section>\n\t\t\t\t<\/div>\n\t\t<\/body>","protected":false},"excerpt":{"rendered":"<p>\u201cWe have more than 50 Years Experience in the Provision of Reinsurance Services in the African Sub Region.\u201d Company History Ghana Reinsurance PLC (Ghana Re) commenced operations in 1972 as<\/p>","protected":false},"author":1,"featured_media":0,"parent":7002,"menu_order":0,"comment_status":"closed","ping_status":"closed","template":"","meta":{"om_disable_all_campaigns":false,"footnotes":""},"class_list":["post-377","page","type-page","status-publish","hentry"],"yoast_head":"<!-- This site is optimized with the Yoast SEO plugin v27.4 - https:\/\/yoast.com\/product\/yoast-seo-wordpress\/ -->\n<title>Corporate History - Ghana Reinsurance PLC<\/title>\n<meta name=\"robots\" content=\"index, follow, max-snippet:-1, max-image-preview:large, max-video-preview:-1\" \/>\n<link rel=\"canonical\" href=\"https:\/\/ghanare.com\/fr\/company-profile\/company-history\/\" \/>\n<meta property=\"og:locale\" content=\"fr_FR\" \/>\n<meta property=\"og:type\" content=\"article\" \/>\n<meta property=\"og:title\" content=\"Corporate History - Ghana Reinsurance PLC\" \/>\n<meta property=\"og:description\" content=\"\u201cWe have more than 50 Years Experience in the Provision of Reinsurance Services in the African Sub Region.\u201d Company History Ghana Reinsurance PLC (Ghana Re) commenced operations in 1972 as\" \/>\n<meta property=\"og:url\" content=\"https:\/\/ghanare.com\/fr\/company-profile\/company-history\/\" \/>\n<meta property=\"og:site_name\" content=\"Ghana Reinsurance PLC\" \/>\n<meta property=\"article:publisher\" content=\"https:\/\/facebook.com\/ghanareofficial\" \/>\n<meta property=\"article:modified_time\" content=\"2025-03-28T08:10:44+00:00\" \/>\n<meta name=\"twitter:card\" content=\"summary_large_image\" \/>\n<meta name=\"twitter:site\" content=\"@ghanareofficial\" \/>\n<meta name=\"twitter:label1\" content=\"Dur\u00e9e de lecture estim\u00e9e\" \/>\n\t<meta name=\"twitter:data1\" content=\"1 minute\" \/>\n<script type=\"application\/ld+json\" class=\"yoast-schema-graph\">{\"@context\":\"https:\\\/\\\/schema.org\",\"@graph\":[{\"@type\":\"WebPage\",\"@id\":\"https:\\\/\\\/ghanare.com\\\/company-profile\\\/company-history\\\/\",\"url\":\"https:\\\/\\\/ghanare.com\\\/company-profile\\\/company-history\\\/\",\"name\":\"Corporate History - Ghana Reinsurance PLC\",\"isPartOf\":{\"@id\":\"https:\\\/\\\/ghanare.com\\\/fr\\\/#website\"},\"datePublished\":\"2016-01-07T04:23:21+00:00\",\"dateModified\":\"2025-03-28T08:10:44+00:00\",\"breadcrumb\":{\"@id\":\"https:\\\/\\\/ghanare.com\\\/company-profile\\\/company-history\\\/#breadcrumb\"},\"inLanguage\":\"fr-FR\",\"potentialAction\":[{\"@type\":\"ReadAction\",\"target\":[\"https:\\\/\\\/ghanare.com\\\/company-profile\\\/company-history\\\/\"]}]},{\"@type\":\"BreadcrumbList\",\"@id\":\"https:\\\/\\\/ghanare.com\\\/company-profile\\\/company-history\\\/#breadcrumb\",\"itemListElement\":[{\"@type\":\"ListItem\",\"position\":1,\"name\":\"Home\",\"item\":\"https:\\\/\\\/ghanare.com\\\/\"},{\"@type\":\"ListItem\",\"position\":2,\"name\":\"Corporate Profile\",\"item\":\"https:\\\/\\\/ghanare.com\\\/company-profile\\\/\"},{\"@type\":\"ListItem\",\"position\":3,\"name\":\"Corporate History\"}]},{\"@type\":\"WebSite\",\"@id\":\"https:\\\/\\\/ghanare.com\\\/fr\\\/#website\",\"url\":\"https:\\\/\\\/ghanare.com\\\/fr\\\/\",\"name\":\"Ghana Reinsurance PLC\",\"description\":\"Your Trusted Reinsurance Partner\",\"publisher\":{\"@id\":\"https:\\\/\\\/ghanare.com\\\/fr\\\/#organization\"},\"potentialAction\":[{\"@type\":\"SearchAction\",\"target\":{\"@type\":\"EntryPoint\",\"urlTemplate\":\"https:\\\/\\\/ghanare.com\\\/fr\\\/?s={search_term_string}\"},\"query-input\":{\"@type\":\"PropertyValueSpecification\",\"valueRequired\":true,\"valueName\":\"search_term_string\"}}],\"inLanguage\":\"fr-FR\"},{\"@type\":\"Organization\",\"@id\":\"https:\\\/\\\/ghanare.com\\\/fr\\\/#organization\",\"name\":\"Ghana Reinsurance PLC\",\"url\":\"https:\\\/\\\/ghanare.com\\\/fr\\\/\",\"logo\":{\"@type\":\"ImageObject\",\"inLanguage\":\"fr-FR\",\"@id\":\"https:\\\/\\\/ghanare.com\\\/fr\\\/#\\\/schema\\\/logo\\\/image\\\/\",\"url\":\"https:\\\/\\\/i0.wp.com\\\/ghanare.com\\\/wp-content\\\/uploads\\\/2022\\\/07\\\/GHANARE-LOGO3.png?fit=400%2C87&ssl=1\",\"contentUrl\":\"https:\\\/\\\/i0.wp.com\\\/ghanare.com\\\/wp-content\\\/uploads\\\/2022\\\/07\\\/GHANARE-LOGO3.png?fit=400%2C87&ssl=1\",\"width\":400,\"height\":87,\"caption\":\"Ghana Reinsurance PLC\"},\"image\":{\"@id\":\"https:\\\/\\\/ghanare.com\\\/fr\\\/#\\\/schema\\\/logo\\\/image\\\/\"},\"sameAs\":[\"https:\\\/\\\/facebook.com\\\/ghanareofficial\",\"https:\\\/\\\/x.com\\\/ghanareofficial\",\"https:\\\/\\\/www.youtube.com\\\/channel\\\/UCfW8vuZ7AmQggVXvywlZRMg\",\"https:\\\/\\\/www.instagram.com\\\/ghanareofficial\\\/\"]}]}<\/script>\n<!-- \/ Yoast SEO plugin. -->","yoast_head_json":{"title":"Corporate History - Ghana Reinsurance PLC","robots":{"index":"index","follow":"follow","max-snippet":"max-snippet:-1","max-image-preview":"max-image-preview:large","max-video-preview":"max-video-preview:-1"},"canonical":"https:\/\/ghanare.com\/fr\/company-profile\/company-history\/","og_locale":"fr_FR","og_type":"article","og_title":"Corporate History - Ghana Reinsurance PLC","og_description":"\u201cWe have more than 50 Years Experience in the Provision of Reinsurance Services in the African Sub Region.\u201d Company History Ghana Reinsurance PLC (Ghana Re) commenced operations in 1972 as","og_url":"https:\/\/ghanare.com\/fr\/company-profile\/company-history\/","og_site_name":"Ghana Reinsurance PLC","article_publisher":"https:\/\/facebook.com\/ghanareofficial","article_modified_time":"2025-03-28T08:10:44+00:00","twitter_card":"summary_large_image","twitter_site":"@ghanareofficial","twitter_misc":{"Dur\u00e9e de lecture estim\u00e9e":"1 minute"},"schema":{"@context":"https:\/\/schema.org","@graph":[{"@type":"WebPage","@id":"https:\/\/ghanare.com\/company-profile\/company-history\/","url":"https:\/\/ghanare.com\/company-profile\/company-history\/","name":"Corporate History - Ghana Reinsurance PLC","isPartOf":{"@id":"https:\/\/ghanare.com\/fr\/#website"},"datePublished":"2016-01-07T04:23:21+00:00","dateModified":"2025-03-28T08:10:44+00:00","breadcrumb":{"@id":"https:\/\/ghanare.com\/company-profile\/company-history\/#breadcrumb"},"inLanguage":"fr-FR","potentialAction":[{"@type":"ReadAction","target":["https:\/\/ghanare.com\/company-profile\/company-history\/"]}]},{"@type":"BreadcrumbList","@id":"https:\/\/ghanare.com\/company-profile\/company-history\/#breadcrumb","itemListElement":[{"@type":"ListItem","position":1,"name":"Home","item":"https:\/\/ghanare.com\/"},{"@type":"ListItem","position":2,"name":"Corporate Profile","item":"https:\/\/ghanare.com\/company-profile\/"},{"@type":"ListItem","position":3,"name":"Corporate History"}]},{"@type":"WebSite","@id":"https:\/\/ghanare.com\/fr\/#website","url":"https:\/\/ghanare.com\/fr\/","name":"Ghana Reinsurance PLC","description":"Votre partenaire de r\u00e9assurance de confiance","publisher":{"@id":"https:\/\/ghanare.com\/fr\/#organization"},"potentialAction":[{"@type":"SearchAction","target":{"@type":"EntryPoint","urlTemplate":"https:\/\/ghanare.com\/fr\/?s={search_term_string}"},"query-input":{"@type":"PropertyValueSpecification","valueRequired":true,"valueName":"search_term_string"}}],"inLanguage":"fr-FR"},{"@type":"Organization","@id":"https:\/\/ghanare.com\/fr\/#organization","name":"Ghana Reinsurance PLC","url":"https:\/\/ghanare.com\/fr\/","logo":{"@type":"ImageObject","inLanguage":"fr-FR","@id":"https:\/\/ghanare.com\/fr\/#\/schema\/logo\/image\/","url":"https:\/\/i0.wp.com\/ghanare.com\/wp-content\/uploads\/2022\/07\/GHANARE-LOGO3.png?fit=400%2C87&ssl=1","contentUrl":"https:\/\/i0.wp.com\/ghanare.com\/wp-content\/uploads\/2022\/07\/GHANARE-LOGO3.png?fit=400%2C87&ssl=1","width":400,"height":87,"caption":"Ghana Reinsurance PLC"},"image":{"@id":"https:\/\/ghanare.com\/fr\/#\/schema\/logo\/image\/"},"sameAs":["https:\/\/facebook.com\/ghanareofficial","https:\/\/x.com\/ghanareofficial","https:\/\/www.youtube.com\/channel\/UCfW8vuZ7AmQggVXvywlZRMg","https:\/\/www.instagram.com\/ghanareofficial\/"]}]}},"_links":{"self":[{"href":"https:\/\/ghanare.com\/fr\/wp-json\/wp\/v2\/pages\/377","targetHints":{"allow":["GET"]}}],"collection":[{"href":"https:\/\/ghanare.com\/fr\/wp-json\/wp\/v2\/pages"}],"about":[{"href":"https:\/\/ghanare.com\/fr\/wp-json\/wp\/v2\/types\/page"}],"author":[{"embeddable":true,"href":"https:\/\/ghanare.com\/fr\/wp-json\/wp\/v2\/users\/1"}],"replies":[{"embeddable":true,"href":"https:\/\/ghanare.com\/fr\/wp-json\/wp\/v2\/comments?post=377"}],"version-history":[{"count":5,"href":"https:\/\/ghanare.com\/fr\/wp-json\/wp\/v2\/pages\/377\/revisions"}],"predecessor-version":[{"id":9856,"href":"https:\/\/ghanare.com\/fr\/wp-json\/wp\/v2\/pages\/377\/revisions\/9856"}],"up":[{"embeddable":true,"href":"https:\/\/ghanare.com\/fr\/wp-json\/wp\/v2\/pages\/7002"}],"wp:attachment":[{"href":"https:\/\/ghanare.com\/fr\/wp-json\/wp\/v2\/media?parent=377"}],"curies":[{"name":"wp","href":"https:\/\/api.w.org\/{rel}","templated":true}]}}