{"id":6137,"date":"2019-11-20T12:33:44","date_gmt":"2019-11-20T12:33:44","guid":{"rendered":"http:\/\/consulting.stylemixthemes.com\/demo\/?page_id=6137"},"modified":"2022-08-21T04:13:32","modified_gmt":"2022-08-21T04:13:32","slug":"risk-survey-and-advisory-services","status":"publish","type":"page","link":"https:\/\/ghanare.com\/fr\/risk-survey-and-advisory-services\/","title":{"rendered":"Enqu\u00eate sur les risques et services consultatifs"},"content":{"rendered":"<body>\t\t<div data-elementor-type=\"wp-page\" data-elementor-id=\"6137\" class=\"elementor elementor-6137\">\n\t\t\t\t\t\t<section class=\"elementor-section elementor-top-section elementor-element elementor-element-22190ed7 elementor-section-content-middle elementor-section-boxed elementor-section-height-default elementor-section-height-default\" data-id=\"22190ed7\" data-element_type=\"section\" data-e-type=\"section\">\n\t\t\t\t\t\t<div class=\"elementor-container elementor-column-gap-default\">\n\t\t\t\t\t<div class=\"elementor-column elementor-col-50 elementor-top-column elementor-element elementor-element-fd0824a\" data-id=\"fd0824a\" data-element_type=\"column\" data-e-type=\"column\">\n\t\t\t<div class=\"elementor-widget-wrap elementor-element-populated\">\n\t\t\t\t\t\t<div class=\"elementor-element elementor-element-3bc3ce87 consulting-thumbnail-with-frame elementor-widget elementor-widget-image\" data-id=\"3bc3ce87\" data-element_type=\"widget\" data-e-type=\"widget\" data-widget_type=\"image.default\">\n\t\t\t\t<div class=\"elementor-widget-container\">\n\t\t\t\t\t\t\t\t\t\t\t\t\t\t\t<img loading=\"lazy\" decoding=\"async\" width=\"1024\" height=\"722\" src=\"https:\/\/i0.wp.com\/ghanare.com\/wp-content\/uploads\/2019\/09\/D2190001.jpg?fit=1024%2C722&amp;ssl=1\" class=\"attachment-large size-large wp-image-7307\" alt=\"\" srcset=\"https:\/\/i0.wp.com\/ghanare.com\/wp-content\/uploads\/2019\/09\/D2190001.jpg?w=1772&amp;ssl=1 1772w, https:\/\/i0.wp.com\/ghanare.com\/wp-content\/uploads\/2019\/09\/D2190001.jpg?resize=300%2C212&amp;ssl=1 300w, https:\/\/i0.wp.com\/ghanare.com\/wp-content\/uploads\/2019\/09\/D2190001.jpg?resize=1024%2C722&amp;ssl=1 1024w, https:\/\/i0.wp.com\/ghanare.com\/wp-content\/uploads\/2019\/09\/D2190001.jpg?resize=768%2C542&amp;ssl=1 768w, https:\/\/i0.wp.com\/ghanare.com\/wp-content\/uploads\/2019\/09\/D2190001.jpg?resize=1536%2C1084&amp;ssl=1 1536w, https:\/\/i0.wp.com\/ghanare.com\/wp-content\/uploads\/2019\/09\/D2190001.jpg?resize=900%2C635&amp;ssl=1 900w, https:\/\/i0.wp.com\/ghanare.com\/wp-content\/uploads\/2019\/09\/D2190001.jpg?resize=600%2C423&amp;ssl=1 600w\" sizes=\"auto, (max-width: 1024px) 100vw, 1024px\">\t\t\t\t\t\t\t\t\t\t\t\t\t\t\t<\/div>\n\t\t\t\t<\/div>\n\t\t\t\t\t<\/div>\n\t\t<\/div>\n\t\t\t\t<div class=\"elementor-column elementor-col-50 elementor-top-column elementor-element elementor-element-811d5a9\" data-id=\"811d5a9\" data-element_type=\"column\" data-e-type=\"column\">\n\t\t\t<div class=\"elementor-widget-wrap elementor-element-populated\">\n\t\t\t\t\t\t<div class=\"elementor-element elementor-element-14e84eb1 elementor-widget elementor-widget-vc_custom_heading\" data-id=\"14e84eb1\" data-element_type=\"widget\" data-e-type=\"widget\" data-widget_type=\"vc_custom_heading.default\">\n\t\t\t\t<div class=\"elementor-widget-container\">\n\t\t\t\t\t<div class=\"vc_custom_heading center-in-mobile consulting_heading_font  text_align_left title_no_stripe\"><h2 style=\"text-align: left\" class=\"consulting-custom-title\">Enqu\u00eate sur les risques\n<\/h2><\/div>\t\t\t\t<\/div>\n\t\t\t\t<\/div>\n\t\t\t\t<div class=\"elementor-element elementor-element-5f5e780e elementor-widget elementor-widget-text-editor\" data-id=\"5f5e780e\" data-element_type=\"widget\" data-e-type=\"widget\" data-widget_type=\"text-editor.default\">\n\t\t\t\t<div class=\"elementor-widget-container\">\n\t\t\t\t\t\t\t\t\t<p>Ghana Re offre des services destin\u00e9s \u00e0 l\u2019\u00e9valuation tarifaire sp\u00e9cifique, \u00e0 la souscription ainsi qu\u2019\u00e0 l\u2019estimation de la perte maximale probable. Les services d\u2019\u00e9valuation du risque incendie et de gestion des risques sont adapt\u00e9s aux demandes particuli\u00e8res de l\u2019assur\u00e9.<\/p>\n\t\t\t\t\t\t\t\t<\/div>\n\t\t\t\t<\/div>\n\t\t\t\t\t<\/div>\n\t\t<\/div>\n\t\t\t\t\t<\/div>\n\t\t<\/section>\n\t\t\t\t<section class=\"elementor-section elementor-top-section elementor-element elementor-element-202d132 elementor-section-content-middle elementor-section-boxed elementor-section-height-default elementor-section-height-default\" data-id=\"202d132\" data-element_type=\"section\" data-e-type=\"section\">\n\t\t\t\t\t\t<div class=\"elementor-container elementor-column-gap-default\">\n\t\t\t\t\t<div class=\"elementor-column elementor-col-50 elementor-top-column elementor-element elementor-element-9ce7129\" data-id=\"9ce7129\" data-element_type=\"column\" data-e-type=\"column\">\n\t\t\t<div class=\"elementor-widget-wrap elementor-element-populated\">\n\t\t\t\t\t\t<div class=\"elementor-element elementor-element-5d19d43 elementor-widget elementor-widget-vc_custom_heading\" data-id=\"5d19d43\" data-element_type=\"widget\" data-e-type=\"widget\" data-widget_type=\"vc_custom_heading.default\">\n\t\t\t\t<div class=\"elementor-widget-container\">\n\t\t\t\t\t<div class=\"vc_custom_heading center-in-mobile consulting_heading_font  text_align_left title_no_stripe\"><h2 style=\"text-align: left\" class=\"consulting-custom-title\">Services consultatifs\n<\/h2><\/div>\t\t\t\t<\/div>\n\t\t\t\t<\/div>\n\t\t\t\t<div class=\"elementor-element elementor-element-97546ca elementor-widget elementor-widget-text-editor\" data-id=\"97546ca\" data-element_type=\"widget\" data-e-type=\"widget\" data-widget_type=\"text-editor.default\">\n\t\t\t\t<div class=\"elementor-widget-container\">\n\t\t\t\t\t\t\t\t\t<p>Ghana Reinsurance PLC fournit des services de conseil professionnels et sur mesure en mati\u00e8re de souscription d&#039;assurance et de r\u00e9assurance, d&#039;\u00e9valuation des risques et de gestion des risques.<\/p>\n\t\t\t\t\t\t\t\t<\/div>\n\t\t\t\t<\/div>\n\t\t\t\t\t<\/div>\n\t\t<\/div>\n\t\t\t\t<div class=\"elementor-column elementor-col-50 elementor-top-column elementor-element elementor-element-0bf3feb\" data-id=\"0bf3feb\" data-element_type=\"column\" data-e-type=\"column\" data-settings='{\"background_background\":\"classic\"}'>\n\t\t\t<div class=\"elementor-widget-wrap elementor-element-populated\">\n\t\t\t\t\t\t<div class=\"elementor-element elementor-element-dbccc9e consulting-thumbnail-with-frame elementor-widget elementor-widget-image\" data-id=\"dbccc9e\" data-element_type=\"widget\" data-e-type=\"widget\" data-widget_type=\"image.default\">\n\t\t\t\t<div class=\"elementor-widget-container\">\n\t\t\t\t\t\t\t\t\t\t\t\t\t\t\t<img loading=\"lazy\" decoding=\"async\" width=\"1024\" height=\"683\" src=\"https:\/\/i0.wp.com\/ghanare.com\/wp-content\/uploads\/2019\/09\/D1330001.jpg?fit=1024%2C683&amp;ssl=1\" class=\"attachment-large size-large wp-image-7226\" alt=\"\" srcset=\"https:\/\/i0.wp.com\/ghanare.com\/wp-content\/uploads\/2019\/09\/D1330001.jpg?w=1841&amp;ssl=1 1841w, https:\/\/i0.wp.com\/ghanare.com\/wp-content\/uploads\/2019\/09\/D1330001.jpg?resize=300%2C200&amp;ssl=1 300w, https:\/\/i0.wp.com\/ghanare.com\/wp-content\/uploads\/2019\/09\/D1330001.jpg?resize=1024%2C683&amp;ssl=1 1024w, https:\/\/i0.wp.com\/ghanare.com\/wp-content\/uploads\/2019\/09\/D1330001.jpg?resize=768%2C512&amp;ssl=1 768w, https:\/\/i0.wp.com\/ghanare.com\/wp-content\/uploads\/2019\/09\/D1330001.jpg?resize=1536%2C1025&amp;ssl=1 1536w, https:\/\/i0.wp.com\/ghanare.com\/wp-content\/uploads\/2019\/09\/D1330001.jpg?resize=900%2C600&amp;ssl=1 900w, https:\/\/i0.wp.com\/ghanare.com\/wp-content\/uploads\/2019\/09\/D1330001.jpg?resize=600%2C400&amp;ssl=1 600w\" sizes=\"auto, (max-width: 1024px) 100vw, 1024px\">\t\t\t\t\t\t\t\t\t\t\t\t\t\t\t<\/div>\n\t\t\t\t<\/div>\n\t\t\t\t\t<\/div>\n\t\t<\/div>\n\t\t\t\t\t<\/div>\n\t\t<\/section>\n\t\t\t\t<\/div>\n\t\t<\/body>","protected":false},"excerpt":{"rendered":"<p>Risk Survey Ghana Re provides services for the purpose of special rating, underwriting and also probable maximum loss estimation. Fire risk assessment and risk management services are tailored to meet<\/p>","protected":false},"author":1,"featured_media":0,"parent":0,"menu_order":0,"comment_status":"closed","ping_status":"closed","template":"","meta":{"om_disable_all_campaigns":false,"footnotes":""},"class_list":["post-6137","page","type-page","status-publish","hentry"],"yoast_head":"<!-- This site is optimized with the Yoast SEO plugin v27.4 - https:\/\/yoast.com\/product\/yoast-seo-wordpress\/ -->\n<title>Risk Survey and Advisory Services - Ghana Reinsurance PLC<\/title>\n<meta name=\"robots\" content=\"index, follow, max-snippet:-1, max-image-preview:large, max-video-preview:-1\" \/>\n<link rel=\"canonical\" href=\"https:\/\/ghanare.com\/fr\/risk-survey-and-advisory-services\/\" \/>\n<meta property=\"og:locale\" content=\"fr_FR\" \/>\n<meta property=\"og:type\" content=\"article\" \/>\n<meta property=\"og:title\" content=\"Risk Survey and Advisory Services - Ghana Reinsurance PLC\" \/>\n<meta property=\"og:description\" content=\"Risk Survey Ghana Re provides services for the purpose of special rating, underwriting and also probable maximum loss estimation. Fire risk assessment and risk management services are tailored to meet\" \/>\n<meta property=\"og:url\" content=\"https:\/\/ghanare.com\/fr\/risk-survey-and-advisory-services\/\" \/>\n<meta property=\"og:site_name\" content=\"Ghana Reinsurance PLC\" \/>\n<meta property=\"article:publisher\" content=\"https:\/\/facebook.com\/ghanareofficial\" \/>\n<meta property=\"article:modified_time\" content=\"2022-08-21T04:13:32+00:00\" \/>\n<meta property=\"og:image\" content=\"http:\/\/ghanare.com\/wp-content\/uploads\/2019\/09\/D2190001-1024x722.jpg\" \/>\n<meta name=\"twitter:card\" content=\"summary_large_image\" \/>\n<meta name=\"twitter:site\" content=\"@ghanareofficial\" \/>\n<script type=\"application\/ld+json\" class=\"yoast-schema-graph\">{\"@context\":\"https:\\\/\\\/schema.org\",\"@graph\":[{\"@type\":\"WebPage\",\"@id\":\"https:\\\/\\\/ghanare.com\\\/risk-survey-and-advisory-services\\\/\",\"url\":\"https:\\\/\\\/ghanare.com\\\/risk-survey-and-advisory-services\\\/\",\"name\":\"Risk Survey and Advisory Services - Ghana Reinsurance PLC\",\"isPartOf\":{\"@id\":\"https:\\\/\\\/ghanare.com\\\/fr\\\/#website\"},\"primaryImageOfPage\":{\"@id\":\"https:\\\/\\\/ghanare.com\\\/risk-survey-and-advisory-services\\\/#primaryimage\"},\"image\":{\"@id\":\"https:\\\/\\\/ghanare.com\\\/risk-survey-and-advisory-services\\\/#primaryimage\"},\"thumbnailUrl\":\"http:\\\/\\\/ghanare.com\\\/wp-content\\\/uploads\\\/2019\\\/09\\\/D2190001-1024x722.jpg\",\"datePublished\":\"2019-11-20T12:33:44+00:00\",\"dateModified\":\"2022-08-21T04:13:32+00:00\",\"breadcrumb\":{\"@id\":\"https:\\\/\\\/ghanare.com\\\/risk-survey-and-advisory-services\\\/#breadcrumb\"},\"inLanguage\":\"fr-FR\",\"potentialAction\":[{\"@type\":\"ReadAction\",\"target\":[\"https:\\\/\\\/ghanare.com\\\/risk-survey-and-advisory-services\\\/\"]}]},{\"@type\":\"ImageObject\",\"inLanguage\":\"fr-FR\",\"@id\":\"https:\\\/\\\/ghanare.com\\\/risk-survey-and-advisory-services\\\/#primaryimage\",\"url\":\"http:\\\/\\\/ghanare.com\\\/wp-content\\\/uploads\\\/2019\\\/09\\\/D2190001-1024x722.jpg\",\"contentUrl\":\"http:\\\/\\\/ghanare.com\\\/wp-content\\\/uploads\\\/2019\\\/09\\\/D2190001-1024x722.jpg\"},{\"@type\":\"BreadcrumbList\",\"@id\":\"https:\\\/\\\/ghanare.com\\\/risk-survey-and-advisory-services\\\/#breadcrumb\",\"itemListElement\":[{\"@type\":\"ListItem\",\"position\":1,\"name\":\"Home\",\"item\":\"https:\\\/\\\/ghanare.com\\\/\"},{\"@type\":\"ListItem\",\"position\":2,\"name\":\"Risk Survey and Advisory Services\"}]},{\"@type\":\"WebSite\",\"@id\":\"https:\\\/\\\/ghanare.com\\\/fr\\\/#website\",\"url\":\"https:\\\/\\\/ghanare.com\\\/fr\\\/\",\"name\":\"Ghana Reinsurance PLC\",\"description\":\"Your Trusted Reinsurance Partner\",\"publisher\":{\"@id\":\"https:\\\/\\\/ghanare.com\\\/fr\\\/#organization\"},\"potentialAction\":[{\"@type\":\"SearchAction\",\"target\":{\"@type\":\"EntryPoint\",\"urlTemplate\":\"https:\\\/\\\/ghanare.com\\\/fr\\\/?s={search_term_string}\"},\"query-input\":{\"@type\":\"PropertyValueSpecification\",\"valueRequired\":true,\"valueName\":\"search_term_string\"}}],\"inLanguage\":\"fr-FR\"},{\"@type\":\"Organization\",\"@id\":\"https:\\\/\\\/ghanare.com\\\/fr\\\/#organization\",\"name\":\"Ghana Reinsurance PLC\",\"url\":\"https:\\\/\\\/ghanare.com\\\/fr\\\/\",\"logo\":{\"@type\":\"ImageObject\",\"inLanguage\":\"fr-FR\",\"@id\":\"https:\\\/\\\/ghanare.com\\\/fr\\\/#\\\/schema\\\/logo\\\/image\\\/\",\"url\":\"https:\\\/\\\/i0.wp.com\\\/ghanare.com\\\/wp-content\\\/uploads\\\/2022\\\/07\\\/GHANARE-LOGO3.png?fit=400%2C87&ssl=1\",\"contentUrl\":\"https:\\\/\\\/i0.wp.com\\\/ghanare.com\\\/wp-content\\\/uploads\\\/2022\\\/07\\\/GHANARE-LOGO3.png?fit=400%2C87&ssl=1\",\"width\":400,\"height\":87,\"caption\":\"Ghana Reinsurance PLC\"},\"image\":{\"@id\":\"https:\\\/\\\/ghanare.com\\\/fr\\\/#\\\/schema\\\/logo\\\/image\\\/\"},\"sameAs\":[\"https:\\\/\\\/facebook.com\\\/ghanareofficial\",\"https:\\\/\\\/x.com\\\/ghanareofficial\",\"https:\\\/\\\/www.youtube.com\\\/channel\\\/UCfW8vuZ7AmQggVXvywlZRMg\",\"https:\\\/\\\/www.instagram.com\\\/ghanareofficial\\\/\"]}]}<\/script>\n<!-- \/ Yoast SEO plugin. -->","yoast_head_json":{"title":"Risk Survey and Advisory Services - Ghana Reinsurance PLC","robots":{"index":"index","follow":"follow","max-snippet":"max-snippet:-1","max-image-preview":"max-image-preview:large","max-video-preview":"max-video-preview:-1"},"canonical":"https:\/\/ghanare.com\/fr\/risk-survey-and-advisory-services\/","og_locale":"fr_FR","og_type":"article","og_title":"Risk Survey and Advisory Services - Ghana Reinsurance PLC","og_description":"Risk Survey Ghana Re provides services for the purpose of special rating, underwriting and also probable maximum loss estimation. Fire risk assessment and risk management services are tailored to meet","og_url":"https:\/\/ghanare.com\/fr\/risk-survey-and-advisory-services\/","og_site_name":"Ghana Reinsurance PLC","article_publisher":"https:\/\/facebook.com\/ghanareofficial","article_modified_time":"2022-08-21T04:13:32+00:00","og_image":[{"url":"http:\/\/ghanare.com\/wp-content\/uploads\/2019\/09\/D2190001-1024x722.jpg","type":"","width":"","height":""}],"twitter_card":"summary_large_image","twitter_site":"@ghanareofficial","schema":{"@context":"https:\/\/schema.org","@graph":[{"@type":"WebPage","@id":"https:\/\/ghanare.com\/risk-survey-and-advisory-services\/","url":"https:\/\/ghanare.com\/risk-survey-and-advisory-services\/","name":"Risk Survey and Advisory Services - Ghana Reinsurance PLC","isPartOf":{"@id":"https:\/\/ghanare.com\/fr\/#website"},"primaryImageOfPage":{"@id":"https:\/\/ghanare.com\/risk-survey-and-advisory-services\/#primaryimage"},"image":{"@id":"https:\/\/ghanare.com\/risk-survey-and-advisory-services\/#primaryimage"},"thumbnailUrl":"http:\/\/ghanare.com\/wp-content\/uploads\/2019\/09\/D2190001-1024x722.jpg","datePublished":"2019-11-20T12:33:44+00:00","dateModified":"2022-08-21T04:13:32+00:00","breadcrumb":{"@id":"https:\/\/ghanare.com\/risk-survey-and-advisory-services\/#breadcrumb"},"inLanguage":"fr-FR","potentialAction":[{"@type":"ReadAction","target":["https:\/\/ghanare.com\/risk-survey-and-advisory-services\/"]}]},{"@type":"ImageObject","inLanguage":"fr-FR","@id":"https:\/\/ghanare.com\/risk-survey-and-advisory-services\/#primaryimage","url":"http:\/\/ghanare.com\/wp-content\/uploads\/2019\/09\/D2190001-1024x722.jpg","contentUrl":"http:\/\/ghanare.com\/wp-content\/uploads\/2019\/09\/D2190001-1024x722.jpg"},{"@type":"BreadcrumbList","@id":"https:\/\/ghanare.com\/risk-survey-and-advisory-services\/#breadcrumb","itemListElement":[{"@type":"ListItem","position":1,"name":"Home","item":"https:\/\/ghanare.com\/"},{"@type":"ListItem","position":2,"name":"Risk Survey and Advisory Services"}]},{"@type":"WebSite","@id":"https:\/\/ghanare.com\/fr\/#website","url":"https:\/\/ghanare.com\/fr\/","name":"Ghana Reinsurance PLC","description":"Votre partenaire de r\u00e9assurance de confiance","publisher":{"@id":"https:\/\/ghanare.com\/fr\/#organization"},"potentialAction":[{"@type":"SearchAction","target":{"@type":"EntryPoint","urlTemplate":"https:\/\/ghanare.com\/fr\/?s={search_term_string}"},"query-input":{"@type":"PropertyValueSpecification","valueRequired":true,"valueName":"search_term_string"}}],"inLanguage":"fr-FR"},{"@type":"Organization","@id":"https:\/\/ghanare.com\/fr\/#organization","name":"Ghana Reinsurance PLC","url":"https:\/\/ghanare.com\/fr\/","logo":{"@type":"ImageObject","inLanguage":"fr-FR","@id":"https:\/\/ghanare.com\/fr\/#\/schema\/logo\/image\/","url":"https:\/\/i0.wp.com\/ghanare.com\/wp-content\/uploads\/2022\/07\/GHANARE-LOGO3.png?fit=400%2C87&ssl=1","contentUrl":"https:\/\/i0.wp.com\/ghanare.com\/wp-content\/uploads\/2022\/07\/GHANARE-LOGO3.png?fit=400%2C87&ssl=1","width":400,"height":87,"caption":"Ghana Reinsurance PLC"},"image":{"@id":"https:\/\/ghanare.com\/fr\/#\/schema\/logo\/image\/"},"sameAs":["https:\/\/facebook.com\/ghanareofficial","https:\/\/x.com\/ghanareofficial","https:\/\/www.youtube.com\/channel\/UCfW8vuZ7AmQggVXvywlZRMg","https:\/\/www.instagram.com\/ghanareofficial\/"]}]}},"_links":{"self":[{"href":"https:\/\/ghanare.com\/fr\/wp-json\/wp\/v2\/pages\/6137","targetHints":{"allow":["GET"]}}],"collection":[{"href":"https:\/\/ghanare.com\/fr\/wp-json\/wp\/v2\/pages"}],"about":[{"href":"https:\/\/ghanare.com\/fr\/wp-json\/wp\/v2\/types\/page"}],"author":[{"embeddable":true,"href":"https:\/\/ghanare.com\/fr\/wp-json\/wp\/v2\/users\/1"}],"replies":[{"embeddable":true,"href":"https:\/\/ghanare.com\/fr\/wp-json\/wp\/v2\/comments?post=6137"}],"version-history":[{"count":0,"href":"https:\/\/ghanare.com\/fr\/wp-json\/wp\/v2\/pages\/6137\/revisions"}],"wp:attachment":[{"href":"https:\/\/ghanare.com\/fr\/wp-json\/wp\/v2\/media?parent=6137"}],"curies":[{"name":"wp","href":"https:\/\/api.w.org\/{rel}","templated":true}]}}