{"id":6238,"date":"2019-11-26T04:29:34","date_gmt":"2019-11-26T04:29:34","guid":{"rendered":"http:\/\/consulting.stylemixthemes.com\/demo\/?page_id=6238"},"modified":"2025-04-08T15:41:43","modified_gmt":"2025-04-08T15:41:43","slug":"capacity-building","status":"publish","type":"page","link":"https:\/\/ghanare.com\/fr\/capacity-building\/","title":{"rendered":"Renforcement des capacit\u00e9s"},"content":{"rendered":"<body>\t\t<div data-elementor-type=\"wp-page\" data-elementor-id=\"6238\" class=\"elementor elementor-6238\">\n\t\t\t\t\t\t<section class=\"elementor-section elementor-top-section elementor-element elementor-element-3a977634 elementor-section-boxed elementor-section-height-default elementor-section-height-default\" data-id=\"3a977634\" data-element_type=\"section\" data-e-type=\"section\" data-settings='{\"background_background\":\"classic\"}'>\n\t\t\t\t\t\t<div class=\"elementor-container elementor-column-gap-default\">\n\t\t\t\t\t<div class=\"elementor-column elementor-col-100 elementor-top-column elementor-element elementor-element-65e17827\" data-id=\"65e17827\" data-element_type=\"column\" data-e-type=\"column\" data-settings='{\"background_background\":\"classic\"}'>\n\t\t\t<div class=\"elementor-widget-wrap elementor-element-populated\">\n\t\t\t\t\t\t<section class=\"elementor-section elementor-inner-section elementor-element elementor-element-3dc555d6 mobile_no_paddings elementor-section-boxed elementor-section-height-default elementor-section-height-default\" data-id=\"3dc555d6\" data-element_type=\"section\" data-e-type=\"section\" data-settings='{\"background_background\":\"classic\"}'>\n\t\t\t\t\t\t<div class=\"elementor-container elementor-column-gap-default\">\n\t\t\t\t\t<div class=\"elementor-column elementor-col-100 elementor-top-column elementor-element elementor-element-705f75e2 mobile_no_paddings\" data-id=\"705f75e2\" data-element_type=\"column\" data-e-type=\"column\" data-settings='{\"background_background\":\"classic\"}'>\n\t\t\t<div class=\"elementor-widget-wrap elementor-element-populated\">\n\t\t\t\t\t\t<div class=\"elementor-element elementor-element-92216a2 elementor-widget elementor-widget-spacer\" data-id=\"92216a2\" data-element_type=\"widget\" data-e-type=\"widget\" data-widget_type=\"spacer.default\">\n\t\t\t\t<div class=\"elementor-widget-container\">\n\t\t\t\t\t\t\t<div class=\"elementor-spacer\">\n\t\t\t<div class=\"elementor-spacer-inner\"><\/div>\n\t\t<\/div>\n\t\t\t\t\t\t<\/div>\n\t\t\t\t<\/div>\n\t\t\t\t<div class=\"elementor-element elementor-element-18952b5b elementor-widget elementor-widget-stm_quote\" data-id=\"18952b5b\" data-element_type=\"widget\" data-e-type=\"widget\" data-widget_type=\"stm_quote.default\">\n\t\t\t\t<div class=\"elementor-widget-container\">\n\t\t\t\t\t\r\n<div class=\"quote_box custom consulting_elementor_quote\" style=\"color: #ffffff\">\r\n            <div class=\"quote\">\r\n            Nous proposons des formations et des renforcements de capacit\u00e9s sur mesure, adapt\u00e9s aussi bien \u00e0 nos clients qu\u2019\u00e0 nos collaborateurs.        <\/div>\r\n            <\/div>\t\t\t\t<\/div>\n\t\t\t\t<\/div>\n\t\t\t\t<div class=\"elementor-element elementor-element-d04fc8c elementor-widget elementor-widget-spacer\" data-id=\"d04fc8c\" data-element_type=\"widget\" data-e-type=\"widget\" data-widget_type=\"spacer.default\">\n\t\t\t\t<div class=\"elementor-widget-container\">\n\t\t\t\t\t\t\t<div class=\"elementor-spacer\">\n\t\t\t<div class=\"elementor-spacer-inner\"><\/div>\n\t\t<\/div>\n\t\t\t\t\t\t<\/div>\n\t\t\t\t<\/div>\n\t\t\t\t\t<\/div>\n\t\t<\/div>\n\t\t\t\t<div class=\"elementor-column elementor-col-58 elementor-top-column elementor-element elementor-element-560f0744 elementor-hidden-tablet elementor-hidden-phone\" data-id=\"560f0744\" data-element_type=\"column\" data-e-type=\"column\">\n\t\t\t<div class=\"elementor-widget-wrap\">\n\t\t\t\t\t\t\t<\/div>\n\t\t<\/div>\n\t\t\t\t\t<\/div>\n\t\t<\/section>\n\t\t\t\t\t<\/div>\n\t\t<\/div>\n\t\t\t\t\t<\/div>\n\t\t<\/section>\n\t\t\t\t<section class=\"elementor-section elementor-top-section elementor-element elementor-element-1d146d65 elementor-section-content-middle elementor-section-boxed elementor-section-height-default elementor-section-height-default\" data-id=\"1d146d65\" data-element_type=\"section\" data-e-type=\"section\">\n\t\t\t\t\t\t<div class=\"elementor-container elementor-column-gap-default\">\n\t\t\t\t\t<div class=\"elementor-column elementor-col-50 elementor-top-column elementor-element elementor-element-1137ab70\" data-id=\"1137ab70\" data-element_type=\"column\" data-e-type=\"column\">\n\t\t\t<div class=\"elementor-widget-wrap elementor-element-populated\">\n\t\t\t\t\t\t<div class=\"elementor-element elementor-element-47664b7c elementor-widget elementor-widget-vc_custom_heading\" data-id=\"47664b7c\" data-element_type=\"widget\" data-e-type=\"widget\" data-widget_type=\"vc_custom_heading.default\">\n\t\t\t\t<div class=\"elementor-widget-container\">\n\t\t\t\t\t<div class=\"vc_custom_heading center-in-mobile consulting_heading_font  text_align_left title_no_stripe\"><h2 style=\"text-align: left\" class=\"consulting-custom-title\">Formation et renforcement des capacit\u00e9s\n<\/h2><\/div>\t\t\t\t<\/div>\n\t\t\t\t<\/div>\n\t\t\t\t<div class=\"elementor-element elementor-element-43ab692a elementor-widget elementor-widget-text-editor\" data-id=\"43ab692a\" data-element_type=\"widget\" data-e-type=\"widget\" data-widget_type=\"text-editor.default\">\n\t\t\t\t<div class=\"elementor-widget-container\">\n\t\t\t\t\t\t\t\t\t<p data-start=\"54\" data-end=\"359\" class=\"translation-block\">Chez Ghana Re, nous sommes convaincus que l\u2019apprentissage continu et le d\u00e9veloppement des comp\u00e9tences sont essentiels \u00e0 la croissance et \u00e0 la r\u00e9ussite de nos clients. C\u2019est pourquoi nous nous engageons \u00e0 proposer des programmes de formation et de renforcement des capacit\u00e9s <strong data-start=\"225\" data-end=\"240\">sur mesure<\/strong>, con\u00e7us pour r\u00e9pondre aux d\u00e9fis uniques et aux besoins sp\u00e9cifiques de chacun.<\/p>\n<p data-start=\"361\" data-end=\"383\">Pour y parvenir, nous<\/p>\n<ul>\n<li style=\"list-style-type: none;\">\n<ul>\n<li data-start=\"361\" data-end=\"383\">Concevons des programmes de formation personnalis\u00e9s qui s\u2019alignent sur les objectifs op\u00e9rationnels et strat\u00e9giques propres \u00e0 chacun de nos clients.<\/li>\n<li>Offrons des conseils d\u2019experts et des s\u00e9ances de formation cibl\u00e9es afin de renforcer les comp\u00e9tences en souscription, en gestion des sinistres et en \u00e9valuation des risques.<\/li>\n<li>Animons des ateliers et des s\u00e9minaires sur les tendances \u00e9mergentes, les \u00e9volutions r\u00e9glementaires et les meilleures pratiques internationales en mati\u00e8re de r\u00e9assurance.<\/li>\n<\/ul>\n<\/li>\n<\/ul>\n<p data-start=\"759\" data-end=\"1141\">\u00a0<\/p>\n\t\t\t\t\t\t\t\t<\/div>\n\t\t\t\t<\/div>\n\t\t\t\t\t<\/div>\n\t\t<\/div>\n\t\t\t\t<div class=\"elementor-column elementor-col-50 elementor-top-column elementor-element elementor-element-74e5d57f\" data-id=\"74e5d57f\" data-element_type=\"column\" data-e-type=\"column\">\n\t\t\t<div class=\"elementor-widget-wrap elementor-element-populated\">\n\t\t\t\t\t\t<div class=\"elementor-element elementor-element-2c8d9b8b consulting-thumbnail-with-frame elementor-widget elementor-widget-image\" data-id=\"2c8d9b8b\" data-element_type=\"widget\" data-e-type=\"widget\" data-widget_type=\"image.default\">\n\t\t\t\t<div class=\"elementor-widget-container\">\n\t\t\t\t\t\t\t\t\t\t\t\t\t\t\t<img loading=\"lazy\" decoding=\"async\" width=\"1000\" height=\"563\" src=\"https:\/\/i0.wp.com\/ghanare.com\/wp-content\/uploads\/2022\/07\/D1540037-1.jpg?fit=1000%2C563&amp;ssl=1\" class=\"attachment-large size-large wp-image-8215\" alt=\"\" srcset=\"https:\/\/i0.wp.com\/ghanare.com\/wp-content\/uploads\/2022\/07\/D1540037-1.jpg?w=1000&amp;ssl=1 1000w, https:\/\/i0.wp.com\/ghanare.com\/wp-content\/uploads\/2022\/07\/D1540037-1.jpg?resize=300%2C169&amp;ssl=1 300w, https:\/\/i0.wp.com\/ghanare.com\/wp-content\/uploads\/2022\/07\/D1540037-1.jpg?resize=768%2C432&amp;ssl=1 768w, https:\/\/i0.wp.com\/ghanare.com\/wp-content\/uploads\/2022\/07\/D1540037-1.jpg?resize=900%2C507&amp;ssl=1 900w, https:\/\/i0.wp.com\/ghanare.com\/wp-content\/uploads\/2022\/07\/D1540037-1.jpg?resize=600%2C338&amp;ssl=1 600w\" sizes=\"auto, (max-width: 1000px) 100vw, 1000px\">\t\t\t\t\t\t\t\t\t\t\t\t\t\t\t<\/div>\n\t\t\t\t<\/div>\n\t\t\t\t\t<\/div>\n\t\t<\/div>\n\t\t\t\t\t<\/div>\n\t\t<\/section>\n\t\t\t\t<section class=\"elementor-section elementor-top-section elementor-element elementor-element-4c010cd elementor-section-boxed elementor-section-height-default elementor-section-height-default\" data-id=\"4c010cd\" data-element_type=\"section\" data-e-type=\"section\">\n\t\t\t\t\t\t<div class=\"elementor-container elementor-column-gap-default\">\n\t\t\t\t\t<div class=\"elementor-column elementor-col-100 elementor-top-column elementor-element elementor-element-14270d9\" data-id=\"14270d9\" data-element_type=\"column\" data-e-type=\"column\">\n\t\t\t<div class=\"elementor-widget-wrap elementor-element-populated\">\n\t\t\t\t\t\t<div class=\"elementor-element elementor-element-b5a63ff elementor-widget elementor-widget-text-editor\" data-id=\"b5a63ff\" data-element_type=\"widget\" data-e-type=\"widget\" data-widget_type=\"text-editor.default\">\n\t\t\t\t<div class=\"elementor-widget-container\">\n\t\t\t\t\t\t\t\t\t<p class=\"translation-block\">Au-del\u00e0 de la simple prestation de formations, nous nous effor\u00e7ons de promouvoir une culture d\u2019apprentissage continu et de d\u00e9veloppement professionnel. Gr\u00e2ce \u00e0 des <strong data-start=\"887\" data-end=\"933\">initiatives personnalis\u00e9es de partage des connaissances<\/strong> et \u00e0 des collaborations avec les acteurs du secteur, nous donnons \u00e0 nos clients les moyens d\u2019acqu\u00e9rir les comp\u00e9tences et l\u2019expertise n\u00e9cessaires pour prendre des d\u00e9cisions \u00e9clair\u00e9es et aborder avec confiance les complexit\u00e9s du march\u00e9 de l\u2019assurance et de la r\u00e9assurance.<\/p>\n\t\t\t\t\t\t\t\t<\/div>\n\t\t\t\t<\/div>\n\t\t\t\t\t<\/div>\n\t\t<\/div>\n\t\t\t\t\t<\/div>\n\t\t<\/section>\n\t\t\t\t<section class=\"elementor-section elementor-top-section elementor-element elementor-element-7ee312c elementor-section-content-middle elementor-section-boxed elementor-section-height-default elementor-section-height-default\" data-id=\"7ee312c\" data-element_type=\"section\" data-e-type=\"section\">\n\t\t\t\t\t\t<div class=\"elementor-container elementor-column-gap-default\">\n\t\t\t\t\t<div class=\"elementor-column elementor-col-50 elementor-top-column elementor-element elementor-element-0a5d11e\" data-id=\"0a5d11e\" data-element_type=\"column\" data-e-type=\"column\">\n\t\t\t<div class=\"elementor-widget-wrap elementor-element-populated\">\n\t\t\t\t\t\t<div class=\"elementor-element elementor-element-447babd consulting-thumbnail-with-frame elementor-widget elementor-widget-image\" data-id=\"447babd\" data-element_type=\"widget\" data-e-type=\"widget\" data-widget_type=\"image.default\">\n\t\t\t\t<div class=\"elementor-widget-container\">\n\t\t\t\t\t\t\t\t\t\t\t\t\t\t\t<img loading=\"lazy\" decoding=\"async\" width=\"1024\" height=\"722\" src=\"https:\/\/i0.wp.com\/ghanare.com\/wp-content\/uploads\/2022\/07\/ghanare-services6.jpg?fit=1024%2C722&amp;ssl=1\" class=\"attachment-large size-large wp-image-7749\" alt=\"\" srcset=\"https:\/\/i0.wp.com\/ghanare.com\/wp-content\/uploads\/2022\/07\/ghanare-services6.jpg?w=1772&amp;ssl=1 1772w, https:\/\/i0.wp.com\/ghanare.com\/wp-content\/uploads\/2022\/07\/ghanare-services6.jpg?resize=300%2C212&amp;ssl=1 300w, https:\/\/i0.wp.com\/ghanare.com\/wp-content\/uploads\/2022\/07\/ghanare-services6.jpg?resize=1024%2C722&amp;ssl=1 1024w, https:\/\/i0.wp.com\/ghanare.com\/wp-content\/uploads\/2022\/07\/ghanare-services6.jpg?resize=768%2C542&amp;ssl=1 768w, https:\/\/i0.wp.com\/ghanare.com\/wp-content\/uploads\/2022\/07\/ghanare-services6.jpg?resize=1536%2C1084&amp;ssl=1 1536w, https:\/\/i0.wp.com\/ghanare.com\/wp-content\/uploads\/2022\/07\/ghanare-services6.jpg?resize=900%2C635&amp;ssl=1 900w, https:\/\/i0.wp.com\/ghanare.com\/wp-content\/uploads\/2022\/07\/ghanare-services6.jpg?resize=600%2C423&amp;ssl=1 600w\" sizes=\"auto, (max-width: 1024px) 100vw, 1024px\">\t\t\t\t\t\t\t\t\t\t\t\t\t\t\t<\/div>\n\t\t\t\t<\/div>\n\t\t\t\t\t<\/div>\n\t\t<\/div>\n\t\t\t\t<div class=\"elementor-column elementor-col-50 elementor-top-column elementor-element elementor-element-2d93a15\" data-id=\"2d93a15\" data-element_type=\"column\" data-e-type=\"column\">\n\t\t\t<div class=\"elementor-widget-wrap elementor-element-populated\">\n\t\t\t\t\t\t<div class=\"elementor-element elementor-element-6963639 elementor-widget elementor-widget-vc_custom_heading\" data-id=\"6963639\" data-element_type=\"widget\" data-e-type=\"widget\" data-widget_type=\"vc_custom_heading.default\">\n\t\t\t\t<div class=\"elementor-widget-container\">\n\t\t\t\t\t<div class=\"vc_custom_heading center-in-mobile consulting_heading_font  text_align_left title_no_stripe\"><h2 style=\"text-align: left\" class=\"consulting-custom-title\">Programmes de Renforcement des Capacit\u00e9s\n<\/h2><\/div>\t\t\t\t<\/div>\n\t\t\t\t<\/div>\n\t\t\t\t<div class=\"elementor-element elementor-element-fcfa7a8 elementor-widget elementor-widget-text-editor\" data-id=\"fcfa7a8\" data-element_type=\"widget\" data-e-type=\"widget\" data-widget_type=\"text-editor.default\">\n\t\t\t\t<div class=\"elementor-widget-container\">\n\t\t\t\t\t\t\t\t\t<ul>\n<li>\n<p>Programmes de renforcement des capacit\u00e9s en assurance, en management et en gouvernance d\u2019entreprise, \u00e0 travers :<\/p>\n<ol>\n<li style=\"list-style-type: none;\">\n<ul>\n<li>S\u00e9minaires de formation<\/li>\n<li>Ateliers sur mesure<\/li>\n<li>Programmes de stages et d\u2019immersion<\/li>\n<\/ul>\n<\/li>\n<\/ol>\n<\/li>\n<li>\u00c9tudes de risques et services de conseil<\/li>\n<li>Conception et examen des trait\u00e9s<\/li>\n<li>Tarification des trait\u00e9s et des affaires facultatives<\/li>\n<li>Services de soutien \u00e0 l&#039;industrie<\/li>\n<\/ul>\n\t\t\t\t\t\t\t\t<\/div>\n\t\t\t\t<\/div>\n\t\t\t\t\t<\/div>\n\t\t<\/div>\n\t\t\t\t\t<\/div>\n\t\t<\/section>\n\t\t\t\t<\/div>\n\t\t<\/body>","protected":false},"excerpt":{"rendered":"<p>\u201cWe provide specific tailor-made Training and Capacity building for our clients and our staff.\u201d Training and Capacity Building At Ghana Re, we recognize that continuous learning and skill development are<\/p>","protected":false},"author":1,"featured_media":0,"parent":0,"menu_order":0,"comment_status":"closed","ping_status":"closed","template":"","meta":{"om_disable_all_campaigns":false,"footnotes":""},"class_list":["post-6238","page","type-page","status-publish","hentry"],"yoast_head":"<!-- This site is optimized with the Yoast SEO plugin v27.4 - https:\/\/yoast.com\/product\/yoast-seo-wordpress\/ -->\n<title>Capacity Building - Ghana Reinsurance PLC<\/title>\n<meta name=\"robots\" content=\"index, follow, max-snippet:-1, max-image-preview:large, max-video-preview:-1\" \/>\n<link rel=\"canonical\" href=\"https:\/\/ghanare.com\/fr\/capacity-building\/\" \/>\n<meta property=\"og:locale\" content=\"fr_FR\" \/>\n<meta property=\"og:type\" content=\"article\" \/>\n<meta property=\"og:title\" content=\"Capacity Building - Ghana Reinsurance PLC\" \/>\n<meta property=\"og:description\" content=\"\u201cWe provide specific tailor-made Training and Capacity building for our clients and our staff.\u201d Training and Capacity Building At Ghana Re, we recognize that continuous learning and skill development are\" \/>\n<meta property=\"og:url\" content=\"https:\/\/ghanare.com\/fr\/capacity-building\/\" \/>\n<meta property=\"og:site_name\" content=\"Ghana Reinsurance PLC\" \/>\n<meta property=\"article:publisher\" content=\"https:\/\/facebook.com\/ghanareofficial\" \/>\n<meta property=\"article:modified_time\" content=\"2025-04-08T15:41:43+00:00\" \/>\n<meta property=\"og:image\" content=\"https:\/\/ghanare.com\/wp-content\/uploads\/2022\/07\/D1540037-1.jpg\" \/>\n<meta name=\"twitter:card\" content=\"summary_large_image\" \/>\n<meta name=\"twitter:site\" content=\"@ghanareofficial\" \/>\n<meta name=\"twitter:label1\" content=\"Dur\u00e9e de lecture estim\u00e9e\" \/>\n\t<meta name=\"twitter:data1\" content=\"2 minutes\" \/>\n<script type=\"application\/ld+json\" class=\"yoast-schema-graph\">{\"@context\":\"https:\\\/\\\/schema.org\",\"@graph\":[{\"@type\":\"WebPage\",\"@id\":\"https:\\\/\\\/ghanare.com\\\/capacity-building\\\/\",\"url\":\"https:\\\/\\\/ghanare.com\\\/capacity-building\\\/\",\"name\":\"Capacity Building - Ghana Reinsurance PLC\",\"isPartOf\":{\"@id\":\"https:\\\/\\\/ghanare.com\\\/fr\\\/#website\"},\"primaryImageOfPage\":{\"@id\":\"https:\\\/\\\/ghanare.com\\\/capacity-building\\\/#primaryimage\"},\"image\":{\"@id\":\"https:\\\/\\\/ghanare.com\\\/capacity-building\\\/#primaryimage\"},\"thumbnailUrl\":\"https:\\\/\\\/ghanare.com\\\/wp-content\\\/uploads\\\/2022\\\/07\\\/D1540037-1.jpg\",\"datePublished\":\"2019-11-26T04:29:34+00:00\",\"dateModified\":\"2025-04-08T15:41:43+00:00\",\"breadcrumb\":{\"@id\":\"https:\\\/\\\/ghanare.com\\\/capacity-building\\\/#breadcrumb\"},\"inLanguage\":\"fr-FR\",\"potentialAction\":[{\"@type\":\"ReadAction\",\"target\":[\"https:\\\/\\\/ghanare.com\\\/capacity-building\\\/\"]}]},{\"@type\":\"ImageObject\",\"inLanguage\":\"fr-FR\",\"@id\":\"https:\\\/\\\/ghanare.com\\\/capacity-building\\\/#primaryimage\",\"url\":\"https:\\\/\\\/ghanare.com\\\/wp-content\\\/uploads\\\/2022\\\/07\\\/D1540037-1.jpg\",\"contentUrl\":\"https:\\\/\\\/ghanare.com\\\/wp-content\\\/uploads\\\/2022\\\/07\\\/D1540037-1.jpg\"},{\"@type\":\"BreadcrumbList\",\"@id\":\"https:\\\/\\\/ghanare.com\\\/capacity-building\\\/#breadcrumb\",\"itemListElement\":[{\"@type\":\"ListItem\",\"position\":1,\"name\":\"Home\",\"item\":\"https:\\\/\\\/ghanare.com\\\/\"},{\"@type\":\"ListItem\",\"position\":2,\"name\":\"Capacity Building\"}]},{\"@type\":\"WebSite\",\"@id\":\"https:\\\/\\\/ghanare.com\\\/fr\\\/#website\",\"url\":\"https:\\\/\\\/ghanare.com\\\/fr\\\/\",\"name\":\"Ghana Reinsurance PLC\",\"description\":\"Your Trusted Reinsurance Partner\",\"publisher\":{\"@id\":\"https:\\\/\\\/ghanare.com\\\/fr\\\/#organization\"},\"potentialAction\":[{\"@type\":\"SearchAction\",\"target\":{\"@type\":\"EntryPoint\",\"urlTemplate\":\"https:\\\/\\\/ghanare.com\\\/fr\\\/?s={search_term_string}\"},\"query-input\":{\"@type\":\"PropertyValueSpecification\",\"valueRequired\":true,\"valueName\":\"search_term_string\"}}],\"inLanguage\":\"fr-FR\"},{\"@type\":\"Organization\",\"@id\":\"https:\\\/\\\/ghanare.com\\\/fr\\\/#organization\",\"name\":\"Ghana Reinsurance PLC\",\"url\":\"https:\\\/\\\/ghanare.com\\\/fr\\\/\",\"logo\":{\"@type\":\"ImageObject\",\"inLanguage\":\"fr-FR\",\"@id\":\"https:\\\/\\\/ghanare.com\\\/fr\\\/#\\\/schema\\\/logo\\\/image\\\/\",\"url\":\"https:\\\/\\\/i0.wp.com\\\/ghanare.com\\\/wp-content\\\/uploads\\\/2022\\\/07\\\/GHANARE-LOGO3.png?fit=400%2C87&ssl=1\",\"contentUrl\":\"https:\\\/\\\/i0.wp.com\\\/ghanare.com\\\/wp-content\\\/uploads\\\/2022\\\/07\\\/GHANARE-LOGO3.png?fit=400%2C87&ssl=1\",\"width\":400,\"height\":87,\"caption\":\"Ghana Reinsurance PLC\"},\"image\":{\"@id\":\"https:\\\/\\\/ghanare.com\\\/fr\\\/#\\\/schema\\\/logo\\\/image\\\/\"},\"sameAs\":[\"https:\\\/\\\/facebook.com\\\/ghanareofficial\",\"https:\\\/\\\/x.com\\\/ghanareofficial\",\"https:\\\/\\\/www.youtube.com\\\/channel\\\/UCfW8vuZ7AmQggVXvywlZRMg\",\"https:\\\/\\\/www.instagram.com\\\/ghanareofficial\\\/\"]}]}<\/script>\n<!-- \/ Yoast SEO plugin. -->","yoast_head_json":{"title":"Capacity Building - Ghana Reinsurance PLC","robots":{"index":"index","follow":"follow","max-snippet":"max-snippet:-1","max-image-preview":"max-image-preview:large","max-video-preview":"max-video-preview:-1"},"canonical":"https:\/\/ghanare.com\/fr\/capacity-building\/","og_locale":"fr_FR","og_type":"article","og_title":"Capacity Building - Ghana Reinsurance PLC","og_description":"\u201cWe provide specific tailor-made Training and Capacity building for our clients and our staff.\u201d Training and Capacity Building At Ghana Re, we recognize that continuous learning and skill development are","og_url":"https:\/\/ghanare.com\/fr\/capacity-building\/","og_site_name":"Ghana Reinsurance PLC","article_publisher":"https:\/\/facebook.com\/ghanareofficial","article_modified_time":"2025-04-08T15:41:43+00:00","og_image":[{"url":"https:\/\/ghanare.com\/wp-content\/uploads\/2022\/07\/D1540037-1.jpg","type":"","width":"","height":""}],"twitter_card":"summary_large_image","twitter_site":"@ghanareofficial","twitter_misc":{"Dur\u00e9e de lecture estim\u00e9e":"2 minutes"},"schema":{"@context":"https:\/\/schema.org","@graph":[{"@type":"WebPage","@id":"https:\/\/ghanare.com\/capacity-building\/","url":"https:\/\/ghanare.com\/capacity-building\/","name":"Capacity Building - Ghana Reinsurance PLC","isPartOf":{"@id":"https:\/\/ghanare.com\/fr\/#website"},"primaryImageOfPage":{"@id":"https:\/\/ghanare.com\/capacity-building\/#primaryimage"},"image":{"@id":"https:\/\/ghanare.com\/capacity-building\/#primaryimage"},"thumbnailUrl":"https:\/\/ghanare.com\/wp-content\/uploads\/2022\/07\/D1540037-1.jpg","datePublished":"2019-11-26T04:29:34+00:00","dateModified":"2025-04-08T15:41:43+00:00","breadcrumb":{"@id":"https:\/\/ghanare.com\/capacity-building\/#breadcrumb"},"inLanguage":"fr-FR","potentialAction":[{"@type":"ReadAction","target":["https:\/\/ghanare.com\/capacity-building\/"]}]},{"@type":"ImageObject","inLanguage":"fr-FR","@id":"https:\/\/ghanare.com\/capacity-building\/#primaryimage","url":"https:\/\/ghanare.com\/wp-content\/uploads\/2022\/07\/D1540037-1.jpg","contentUrl":"https:\/\/ghanare.com\/wp-content\/uploads\/2022\/07\/D1540037-1.jpg"},{"@type":"BreadcrumbList","@id":"https:\/\/ghanare.com\/capacity-building\/#breadcrumb","itemListElement":[{"@type":"ListItem","position":1,"name":"Home","item":"https:\/\/ghanare.com\/"},{"@type":"ListItem","position":2,"name":"Capacity Building"}]},{"@type":"WebSite","@id":"https:\/\/ghanare.com\/fr\/#website","url":"https:\/\/ghanare.com\/fr\/","name":"Ghana Reinsurance PLC","description":"Votre partenaire de r\u00e9assurance de confiance","publisher":{"@id":"https:\/\/ghanare.com\/fr\/#organization"},"potentialAction":[{"@type":"SearchAction","target":{"@type":"EntryPoint","urlTemplate":"https:\/\/ghanare.com\/fr\/?s={search_term_string}"},"query-input":{"@type":"PropertyValueSpecification","valueRequired":true,"valueName":"search_term_string"}}],"inLanguage":"fr-FR"},{"@type":"Organization","@id":"https:\/\/ghanare.com\/fr\/#organization","name":"Ghana Reinsurance PLC","url":"https:\/\/ghanare.com\/fr\/","logo":{"@type":"ImageObject","inLanguage":"fr-FR","@id":"https:\/\/ghanare.com\/fr\/#\/schema\/logo\/image\/","url":"https:\/\/i0.wp.com\/ghanare.com\/wp-content\/uploads\/2022\/07\/GHANARE-LOGO3.png?fit=400%2C87&ssl=1","contentUrl":"https:\/\/i0.wp.com\/ghanare.com\/wp-content\/uploads\/2022\/07\/GHANARE-LOGO3.png?fit=400%2C87&ssl=1","width":400,"height":87,"caption":"Ghana Reinsurance PLC"},"image":{"@id":"https:\/\/ghanare.com\/fr\/#\/schema\/logo\/image\/"},"sameAs":["https:\/\/facebook.com\/ghanareofficial","https:\/\/x.com\/ghanareofficial","https:\/\/www.youtube.com\/channel\/UCfW8vuZ7AmQggVXvywlZRMg","https:\/\/www.instagram.com\/ghanareofficial\/"]}]}},"_links":{"self":[{"href":"https:\/\/ghanare.com\/fr\/wp-json\/wp\/v2\/pages\/6238","targetHints":{"allow":["GET"]}}],"collection":[{"href":"https:\/\/ghanare.com\/fr\/wp-json\/wp\/v2\/pages"}],"about":[{"href":"https:\/\/ghanare.com\/fr\/wp-json\/wp\/v2\/types\/page"}],"author":[{"embeddable":true,"href":"https:\/\/ghanare.com\/fr\/wp-json\/wp\/v2\/users\/1"}],"replies":[{"embeddable":true,"href":"https:\/\/ghanare.com\/fr\/wp-json\/wp\/v2\/comments?post=6238"}],"version-history":[{"count":5,"href":"https:\/\/ghanare.com\/fr\/wp-json\/wp\/v2\/pages\/6238\/revisions"}],"predecessor-version":[{"id":9890,"href":"https:\/\/ghanare.com\/fr\/wp-json\/wp\/v2\/pages\/6238\/revisions\/9890"}],"wp:attachment":[{"href":"https:\/\/ghanare.com\/fr\/wp-json\/wp\/v2\/media?parent=6238"}],"curies":[{"name":"wp","href":"https:\/\/api.w.org\/{rel}","templated":true}]}}