{"id":7194,"date":"2022-07-17T20:19:54","date_gmt":"2022-07-17T20:19:54","guid":{"rendered":"http:\/\/ghanare.com\/?page_id=7194"},"modified":"2022-07-31T21:07:30","modified_gmt":"2022-07-31T21:07:30","slug":"ratiing-reportd","status":"publish","type":"page","link":"https:\/\/ghanare.com\/fr\/ratiing-reportd\/","title":{"rendered":"Rapports de notation"},"content":{"rendered":"<body>\t\t<div data-elementor-type=\"wp-page\" data-elementor-id=\"7194\" class=\"elementor elementor-7194\">\n\t\t\t\t\t\t<section class=\"elementor-section elementor-top-section elementor-element elementor-element-adaee12 elementor-section-boxed elementor-section-height-default elementor-section-height-default\" data-id=\"adaee12\" data-element_type=\"section\" data-e-type=\"section\" data-settings='{\"background_background\":\"classic\"}'>\n\t\t\t\t\t\t<div class=\"elementor-container elementor-column-gap-default\">\n\t\t\t\t\t<div class=\"elementor-column elementor-col-100 elementor-top-column elementor-element elementor-element-adaf306\" data-id=\"adaf306\" data-element_type=\"column\" data-e-type=\"column\">\n\t\t\t<div class=\"elementor-widget-wrap\">\n\t\t\t\t\t\t\t<\/div>\n\t\t<\/div>\n\t\t\t\t\t<\/div>\n\t\t<\/section>\n\t\t\t\t<section class=\"elementor-section elementor-top-section elementor-element elementor-element-30fd7d17 elementor-section-boxed elementor-section-height-default elementor-section-height-default\" data-id=\"30fd7d17\" data-element_type=\"section\" data-e-type=\"section\" data-settings='{\"background_background\":\"classic\"}'>\n\t\t\t\t\t\t<div class=\"elementor-container elementor-column-gap-default\">\n\t\t\t\t\t<div class=\"elementor-column elementor-col-100 elementor-top-column elementor-element elementor-element-329d67a7\" data-id=\"329d67a7\" data-element_type=\"column\" data-e-type=\"column\" data-settings='{\"background_background\":\"classic\"}'>\n\t\t\t<div class=\"elementor-widget-wrap elementor-element-populated\">\n\t\t\t\t\t\t<section class=\"elementor-section elementor-inner-section elementor-element elementor-element-5e1bdc32 mobile_no_paddings elementor-section-boxed elementor-section-height-default elementor-section-height-default\" data-id=\"5e1bdc32\" data-element_type=\"section\" data-e-type=\"section\" data-settings='{\"background_background\":\"classic\"}'>\n\t\t\t\t\t\t<div class=\"elementor-container elementor-column-gap-default\">\n\t\t\t\t\t<div class=\"elementor-column elementor-col-100 elementor-top-column elementor-element elementor-element-2d6ae7b mobile_no_paddings\" data-id=\"2d6ae7b\" data-element_type=\"column\" data-e-type=\"column\" data-settings='{\"background_background\":\"classic\"}'>\n\t\t\t<div class=\"elementor-widget-wrap elementor-element-populated\">\n\t\t\t\t\t\t<div class=\"elementor-element elementor-element-1b031fe3 elementor-widget elementor-widget-stm_quote\" data-id=\"1b031fe3\" data-element_type=\"widget\" data-e-type=\"widget\" data-widget_type=\"stm_quote.default\">\n\t\t\t\t<div class=\"elementor-widget-container\">\n\t\t\t\t\t\r\n<div class=\"quote_box custom consulting_elementor_quote\" style=\"color: #ffffff\">\r\n            <div class=\"quote\">\r\n            &quot;Nous avons les capacit\u00e9s et l&#039;exp\u00e9rience n\u00e9cessaires pour fournir les r\u00e9ponses dont vous avez besoin pour aller de l&#039;avant.&quot;        <\/div>\r\n            <\/div>\t\t\t\t<\/div>\n\t\t\t\t<\/div>\n\t\t\t\t\t<\/div>\n\t\t<\/div>\n\t\t\t\t<div class=\"elementor-column elementor-col-58 elementor-top-column elementor-element elementor-element-505cee7 elementor-hidden-tablet elementor-hidden-phone\" data-id=\"505cee7\" data-element_type=\"column\" data-e-type=\"column\">\n\t\t\t<div class=\"elementor-widget-wrap\">\n\t\t\t\t\t\t\t<\/div>\n\t\t<\/div>\n\t\t\t\t\t<\/div>\n\t\t<\/section>\n\t\t\t\t\t<\/div>\n\t\t<\/div>\n\t\t\t\t\t<\/div>\n\t\t<\/section>\n\t\t\t\t<section class=\"elementor-section elementor-top-section elementor-element elementor-element-adbfff6 elementor-section-boxed elementor-section-height-default elementor-section-height-default\" data-id=\"adbfff6\" data-element_type=\"section\" data-e-type=\"section\" data-settings='{\"background_background\":\"classic\"}'>\n\t\t\t\t\t\t<div class=\"elementor-container elementor-column-gap-default\">\n\t\t\t\t\t<div class=\"elementor-column elementor-col-100 elementor-top-column elementor-element elementor-element-adc03a5\" data-id=\"adc03a5\" data-element_type=\"column\" data-e-type=\"column\">\n\t\t\t<div class=\"elementor-widget-wrap elementor-element-populated\">\n\t\t\t\t\t\t<div class=\"elementor-element elementor-element-adc0667 elementor-widget elementor-widget-vc_custom_heading\" data-id=\"adc0667\" data-element_type=\"widget\" data-e-type=\"widget\" data-widget_type=\"vc_custom_heading.default\">\n\t\t\t\t<div class=\"elementor-widget-container\">\n\t\t\t\t\t<div class=\"vc_custom_heading  consulting_heading_font  text_align_center\"><h2 style=\"font-size: 45px;text-align: center;font-weight:700\" class=\"consulting-custom-title\">Rapports de notation\n<\/h2><\/div>\t\t\t\t<\/div>\n\t\t\t\t<\/div>\n\t\t\t\t\t<\/div>\n\t\t<\/div>\n\t\t\t\t\t<\/div>\n\t\t<\/section>\n\t\t\t\t<section class=\"elementor-section elementor-top-section elementor-element elementor-element-356d2acb elementor-section-boxed elementor-section-height-default elementor-section-height-default\" data-id=\"356d2acb\" data-element_type=\"section\" data-e-type=\"section\" data-settings='{\"background_background\":\"classic\"}'>\n\t\t\t\t\t\t<div class=\"elementor-container elementor-column-gap-default\">\n\t\t\t\t\t<div class=\"elementor-column elementor-col-25 elementor-top-column elementor-element elementor-element-4a1aa614\" data-id=\"4a1aa614\" data-element_type=\"column\" data-e-type=\"column\">\n\t\t\t<div class=\"elementor-widget-wrap elementor-element-populated\">\n\t\t\t\t\t\t<div class=\"elementor-element elementor-element-30392d93 elementor-widget elementor-widget-stm_info_box\" data-id=\"30392d93\" data-element_type=\"widget\" data-e-type=\"widget\" data-widget_type=\"stm_info_box.default\">\n\t\t\t\t<div class=\"elementor-widget-container\">\n\t\t\t\t\t<div class=\"info_box elementor-consulting-info-box style_5\">\r\n\t\t\t<div class=\"title\">\r\n\t\t\t<h3>Rapport de notation 2021<\/h3>\r\n\t\t<\/div>\r\n\t\t<p>Langue: <strong>Anglais<\/strong><\/p>\n\t<a class=\"read_more\" target=\"_blank\" href=\"http:\/\/ghanareproject.enolvi.com\/wp-content\/uploads\/2019\/09\/2021-Rating-Report.pdf\"><span>T\u00e9l\u00e9charger maintenant<\/span><span class=\"stm_icon\"><i class=\"fa fa-chevron-right\"><\/i><\/span><\/a><\/div>\r\n\t\t\t\t<\/div>\n\t\t\t\t<\/div>\n\t\t\t\t\t<\/div>\n\t\t<\/div>\n\t\t\t\t<div class=\"elementor-column elementor-col-25 elementor-top-column elementor-element elementor-element-31a29ff\" data-id=\"31a29ff\" data-element_type=\"column\" data-e-type=\"column\">\n\t\t\t<div class=\"elementor-widget-wrap elementor-element-populated\">\n\t\t\t\t\t\t<div class=\"elementor-element elementor-element-fd80f12 elementor-widget elementor-widget-stm_info_box\" data-id=\"fd80f12\" data-element_type=\"widget\" data-e-type=\"widget\" data-widget_type=\"stm_info_box.default\">\n\t\t\t\t<div class=\"elementor-widget-container\">\n\t\t\t\t\t<div class=\"info_box elementor-consulting-info-box style_5\">\r\n\t\t\t<div class=\"title\">\r\n\t\t\t<h3>Rapport de notation 2020<\/h3>\r\n\t\t<\/div>\r\n\t\t<p>Langue: <strong>Anglais<\/strong><\/p>\n\t<a class=\"read_more\" target=\"_blank\" href=\"http:\/\/ghanareproject.enolvi.com\/wp-content\/uploads\/2019\/09\/AM-Best-Rating-Press-Release-Ghana-Re-2020.pdf\"><span>T\u00e9l\u00e9charger maintenant<\/span><span class=\"stm_icon\"><i class=\"fa fa-chevron-right\"><\/i><\/span><\/a><\/div>\r\n\t\t\t\t<\/div>\n\t\t\t\t<\/div>\n\t\t\t\t\t<\/div>\n\t\t<\/div>\n\t\t\t\t<div class=\"elementor-column elementor-col-25 elementor-top-column elementor-element elementor-element-98fe171\" data-id=\"98fe171\" data-element_type=\"column\" data-e-type=\"column\">\n\t\t\t<div class=\"elementor-widget-wrap elementor-element-populated\">\n\t\t\t\t\t\t<div class=\"elementor-element elementor-element-91a86fe elementor-widget elementor-widget-stm_info_box\" data-id=\"91a86fe\" data-element_type=\"widget\" data-e-type=\"widget\" data-widget_type=\"stm_info_box.default\">\n\t\t\t\t<div class=\"elementor-widget-container\">\n\t\t\t\t\t<div class=\"info_box elementor-consulting-info-box style_5\">\r\n\t\t\t<div class=\"title\">\r\n\t\t\t<h3>Rapport de notation 2019<\/h3>\r\n\t\t<\/div>\r\n\t\t<p>Langue: <strong>Anglais<\/strong><\/p>\n\t<a class=\"read_more\" target=\"_blank\" href=\"http:\/\/ghanareproject.enolvi.com\/wp-content\/uploads\/2019\/09\/AM-Best-Rating-Press-Release-Ghana-Re-2019.pdf\"><span>T\u00e9l\u00e9charger maintenant<\/span><span class=\"stm_icon\"><i class=\"fa fa-chevron-right\"><\/i><\/span><\/a><\/div>\r\n\t\t\t\t<\/div>\n\t\t\t\t<\/div>\n\t\t\t\t\t<\/div>\n\t\t<\/div>\n\t\t\t\t<div class=\"elementor-column elementor-col-25 elementor-top-column elementor-element elementor-element-54f1a485\" data-id=\"54f1a485\" data-element_type=\"column\" data-e-type=\"column\">\n\t\t\t<div class=\"elementor-widget-wrap elementor-element-populated\">\n\t\t\t\t\t\t<div class=\"elementor-element elementor-element-4c690c2d elementor-widget elementor-widget-stm_info_box\" data-id=\"4c690c2d\" data-element_type=\"widget\" data-e-type=\"widget\" data-widget_type=\"stm_info_box.default\">\n\t\t\t\t<div class=\"elementor-widget-container\">\n\t\t\t\t\t<div class=\"info_box elementor-consulting-info-box style_5\">\r\n\t\t\t<div class=\"title\">\r\n\t\t\t<h3>Rapport de notation 2018<\/h3>\r\n\t\t<\/div>\r\n\t\t<p>Langue: <strong>Anglais\u00a0<\/strong><\/p>\n\t<a class=\"read_more\" target=\"_self\" href=\"http:\/\/ghanareproject.enolvi.com\/wp-content\/uploads\/2019\/09\/AM-Best-Rating-Press-Release-2018.pdf\"><span>T\u00e9l\u00e9charger maintenant<\/span><span class=\"stm_icon\"><i class=\"fa fa-chevron-right\"><\/i><\/span><\/a><\/div>\r\n\t\t\t\t<\/div>\n\t\t\t\t<\/div>\n\t\t\t\t\t<\/div>\n\t\t<\/div>\n\t\t\t\t\t<\/div>\n\t\t<\/section>\n\t\t\t\t<section class=\"elementor-section elementor-top-section elementor-element elementor-element-fc97721 elementor-section-boxed elementor-section-height-default elementor-section-height-default\" data-id=\"fc97721\" data-element_type=\"section\" data-e-type=\"section\" data-settings='{\"background_background\":\"classic\"}'>\n\t\t\t\t\t\t<div class=\"elementor-container elementor-column-gap-default\">\n\t\t\t\t\t<div class=\"elementor-column elementor-col-25 elementor-top-column elementor-element elementor-element-99c250d\" data-id=\"99c250d\" data-element_type=\"column\" data-e-type=\"column\">\n\t\t\t<div class=\"elementor-widget-wrap elementor-element-populated\">\n\t\t\t\t\t\t<div class=\"elementor-element elementor-element-60946a0 elementor-widget elementor-widget-stm_info_box\" data-id=\"60946a0\" data-element_type=\"widget\" data-e-type=\"widget\" data-widget_type=\"stm_info_box.default\">\n\t\t\t\t<div class=\"elementor-widget-container\">\n\t\t\t\t\t<div class=\"info_box elementor-consulting-info-box style_5\">\r\n\t\t\t<div class=\"title\">\r\n\t\t\t<h3>Rapport de notation 2017<\/h3>\r\n\t\t<\/div>\r\n\t\t<p>Langue: <strong>Anglais<\/strong><\/p>\n\t<a class=\"read_more\" target=\"_blank\" href=\"http:\/\/ghanareproject.enolvi.com\/wp-content\/uploads\/2019\/09\/GHANARE-AMBERS-2017-press-release2.pdf\"><span>T\u00e9l\u00e9charger maintenant<\/span><span class=\"stm_icon\"><i class=\"fa fa-chevron-right\"><\/i><\/span><\/a><\/div>\r\n\t\t\t\t<\/div>\n\t\t\t\t<\/div>\n\t\t\t\t\t<\/div>\n\t\t<\/div>\n\t\t\t\t<div class=\"elementor-column elementor-col-25 elementor-top-column elementor-element elementor-element-90fbd4d\" data-id=\"90fbd4d\" data-element_type=\"column\" data-e-type=\"column\">\n\t\t\t<div class=\"elementor-widget-wrap elementor-element-populated\">\n\t\t\t\t\t\t<div class=\"elementor-element elementor-element-c3db266 elementor-widget elementor-widget-stm_info_box\" data-id=\"c3db266\" data-element_type=\"widget\" data-e-type=\"widget\" data-widget_type=\"stm_info_box.default\">\n\t\t\t\t<div class=\"elementor-widget-container\">\n\t\t\t\t\t<div class=\"info_box elementor-consulting-info-box style_5\">\r\n\t\t\t<div class=\"title\">\r\n\t\t\t<h3>Rapport de notation 2016<\/h3>\r\n\t\t<\/div>\r\n\t\t<p>Langue: <strong>Anglais<\/strong><\/p>\n\t<a class=\"read_more\" target=\"_blank\" href=\"http:\/\/ghanareproject.enolvi.com\/wp-content\/uploads\/2019\/09\/GHANARE-AMBERS-2016-press-release2-1.pdf\"><span>T\u00e9l\u00e9charger maintenant<\/span><span class=\"stm_icon\"><i class=\"fa fa-chevron-right\"><\/i><\/span><\/a><\/div>\r\n\t\t\t\t<\/div>\n\t\t\t\t<\/div>\n\t\t\t\t\t<\/div>\n\t\t<\/div>\n\t\t\t\t<div class=\"elementor-column elementor-col-25 elementor-top-column elementor-element elementor-element-207448e\" data-id=\"207448e\" data-element_type=\"column\" data-e-type=\"column\">\n\t\t\t<div class=\"elementor-widget-wrap elementor-element-populated\">\n\t\t\t\t\t\t<div class=\"elementor-element elementor-element-a791728 elementor-widget elementor-widget-stm_info_box\" data-id=\"a791728\" data-element_type=\"widget\" data-e-type=\"widget\" data-widget_type=\"stm_info_box.default\">\n\t\t\t\t<div class=\"elementor-widget-container\">\n\t\t\t\t\t<div class=\"info_box elementor-consulting-info-box style_5\">\r\n\t\t\t<div class=\"title\">\r\n\t\t\t<h3>Rapport de notation 2015<\/h3>\r\n\t\t<\/div>\r\n\t\t<p>Langue: <strong>Anglais<\/strong><\/p>\n\t<a class=\"read_more\" target=\"_blank\" href=\"http:\/\/ghanareproject.enolvi.com\/wp-content\/uploads\/2019\/09\/AM-Best-2015-Rating-Report.pdf\"><span>T\u00e9l\u00e9charger maintenant<\/span><span class=\"stm_icon\"><i class=\"fa fa-chevron-right\"><\/i><\/span><\/a><\/div>\r\n\t\t\t\t<\/div>\n\t\t\t\t<\/div>\n\t\t\t\t\t<\/div>\n\t\t<\/div>\n\t\t\t\t<div class=\"elementor-column elementor-col-25 elementor-top-column elementor-element elementor-element-d61c44a\" data-id=\"d61c44a\" data-element_type=\"column\" data-e-type=\"column\">\n\t\t\t<div class=\"elementor-widget-wrap elementor-element-populated\">\n\t\t\t\t\t\t<div class=\"elementor-element elementor-element-260620a elementor-widget elementor-widget-stm_info_box\" data-id=\"260620a\" data-element_type=\"widget\" data-e-type=\"widget\" data-widget_type=\"stm_info_box.default\">\n\t\t\t\t<div class=\"elementor-widget-container\">\n\t\t\t\t\t<div class=\"info_box elementor-consulting-info-box style_5\">\r\n\t\t\t<div class=\"title\">\r\n\t\t\t<h3>Rapport de notation 2014<\/h3>\r\n\t\t<\/div>\r\n\t\t<p>Langue: <strong>Anglais\u00a0<\/strong><\/p>\n\t<a class=\"read_more\" target=\"_self\" href=\"http:\/\/ghanareproject.enolvi.com\/wp-content\/uploads\/2019\/09\/AM-Best-2014-Financial-Report.pdf\"><span>T\u00e9l\u00e9charger maintenant<\/span><span class=\"stm_icon\"><i class=\"fa fa-chevron-right\"><\/i><\/span><\/a><\/div>\r\n\t\t\t\t<\/div>\n\t\t\t\t<\/div>\n\t\t\t\t\t<\/div>\n\t\t<\/div>\n\t\t\t\t\t<\/div>\n\t\t<\/section>\n\t\t\t\t<section class=\"elementor-section elementor-top-section elementor-element elementor-element-0d90fcd elementor-section-boxed elementor-section-height-default elementor-section-height-default\" data-id=\"0d90fcd\" data-element_type=\"section\" data-e-type=\"section\" data-settings='{\"background_background\":\"classic\"}'>\n\t\t\t\t\t\t<div class=\"elementor-container elementor-column-gap-default\">\n\t\t\t\t\t<div class=\"elementor-column elementor-col-25 elementor-top-column elementor-element elementor-element-8dd0cb8\" data-id=\"8dd0cb8\" data-element_type=\"column\" data-e-type=\"column\">\n\t\t\t<div class=\"elementor-widget-wrap elementor-element-populated\">\n\t\t\t\t\t\t<div class=\"elementor-element elementor-element-76e685e elementor-widget elementor-widget-stm_info_box\" data-id=\"76e685e\" data-element_type=\"widget\" data-e-type=\"widget\" data-widget_type=\"stm_info_box.default\">\n\t\t\t\t<div class=\"elementor-widget-container\">\n\t\t\t\t\t<div class=\"info_box elementor-consulting-info-box style_5\">\r\n\t\t\t<div class=\"title\">\r\n\t\t\t<h3>Rapport de notation 2013<\/h3>\r\n\t\t<\/div>\r\n\t\t<p>Langue: <strong>Anglais<\/strong><\/p>\n\t<a class=\"read_more\" target=\"_blank\" href=\"http:\/\/ghanareproject.enolvi.com\/wp-content\/uploads\/2019\/09\/AM-Best-2013-Rating-Report.pdf\"><span>T\u00e9l\u00e9charger maintenant<\/span><span class=\"stm_icon\"><i class=\"fa fa-chevron-right\"><\/i><\/span><\/a><\/div>\r\n\t\t\t\t<\/div>\n\t\t\t\t<\/div>\n\t\t\t\t\t<\/div>\n\t\t<\/div>\n\t\t\t\t<div class=\"elementor-column elementor-col-25 elementor-top-column elementor-element elementor-element-1f79b3c\" data-id=\"1f79b3c\" data-element_type=\"column\" data-e-type=\"column\">\n\t\t\t<div class=\"elementor-widget-wrap elementor-element-populated\">\n\t\t\t\t\t\t<div class=\"elementor-element elementor-element-dc197d6 elementor-widget elementor-widget-stm_info_box\" data-id=\"dc197d6\" data-element_type=\"widget\" data-e-type=\"widget\" data-widget_type=\"stm_info_box.default\">\n\t\t\t\t<div class=\"elementor-widget-container\">\n\t\t\t\t\t<div class=\"info_box elementor-consulting-info-box style_5\">\r\n\t\t\t<div class=\"title\">\r\n\t\t\t<h3>Rapport de notation 2012<\/h3>\r\n\t\t<\/div>\r\n\t\t<p>Langue: <strong>Anglais<\/strong><\/p>\n\t<a class=\"read_more\" target=\"_blank\" href=\"http:\/\/ghanareproject.enolvi.com\/wp-content\/uploads\/2019\/09\/SM-Best-2012-Rating-Report.pdf\"><span>T\u00e9l\u00e9charger maintenant<\/span><span class=\"stm_icon\"><i class=\"fa fa-chevron-right\"><\/i><\/span><\/a><\/div>\r\n\t\t\t\t<\/div>\n\t\t\t\t<\/div>\n\t\t\t\t\t<\/div>\n\t\t<\/div>\n\t\t\t\t<div class=\"elementor-column elementor-col-25 elementor-top-column elementor-element elementor-element-ce16f61\" data-id=\"ce16f61\" data-element_type=\"column\" data-e-type=\"column\">\n\t\t\t<div class=\"elementor-widget-wrap\">\n\t\t\t\t\t\t\t<\/div>\n\t\t<\/div>\n\t\t\t\t<div class=\"elementor-column elementor-col-25 elementor-top-column elementor-element elementor-element-75016e0\" data-id=\"75016e0\" data-element_type=\"column\" data-e-type=\"column\">\n\t\t\t<div class=\"elementor-widget-wrap\">\n\t\t\t\t\t\t\t<\/div>\n\t\t<\/div>\n\t\t\t\t\t<\/div>\n\t\t<\/section>\n\t\t\t\t<\/div>\n\t\t<\/body>","protected":false},"excerpt":{"rendered":"<p>\u201cWe have the capabilities and experience to deliver the answers you need to move forward.\u201d Rating Reports Rating Report 2021 Language: English Download Now Rating Report 2020 Language: English Download<\/p>","protected":false},"author":1,"featured_media":0,"parent":0,"menu_order":0,"comment_status":"closed","ping_status":"closed","template":"","meta":{"om_disable_all_campaigns":false,"footnotes":""},"class_list":["post-7194","page","type-page","status-publish","hentry"],"yoast_head":"<!-- This site is optimized with the Yoast SEO plugin v27.4 - https:\/\/yoast.com\/product\/yoast-seo-wordpress\/ -->\n<title>Rating Reports - Ghana Reinsurance PLC<\/title>\n<meta name=\"robots\" content=\"index, follow, max-snippet:-1, max-image-preview:large, max-video-preview:-1\" \/>\n<link rel=\"canonical\" href=\"https:\/\/ghanare.com\/fr\/ratiing-reportd\/\" \/>\n<meta property=\"og:locale\" content=\"fr_FR\" \/>\n<meta property=\"og:type\" content=\"article\" \/>\n<meta property=\"og:title\" content=\"Rating Reports - Ghana Reinsurance PLC\" \/>\n<meta property=\"og:description\" content=\"\u201cWe have the capabilities and experience to deliver the answers you need to move forward.\u201d Rating Reports Rating Report 2021 Language: English Download Now Rating Report 2020 Language: English Download\" \/>\n<meta property=\"og:url\" content=\"https:\/\/ghanare.com\/fr\/ratiing-reportd\/\" \/>\n<meta property=\"og:site_name\" content=\"Ghana Reinsurance PLC\" \/>\n<meta property=\"article:publisher\" content=\"https:\/\/facebook.com\/ghanareofficial\" \/>\n<meta property=\"article:modified_time\" content=\"2022-07-31T21:07:30+00:00\" \/>\n<meta name=\"twitter:card\" content=\"summary_large_image\" \/>\n<meta name=\"twitter:site\" content=\"@ghanareofficial\" \/>\n<script type=\"application\/ld+json\" class=\"yoast-schema-graph\">{\"@context\":\"https:\\\/\\\/schema.org\",\"@graph\":[{\"@type\":\"WebPage\",\"@id\":\"https:\\\/\\\/ghanare.com\\\/ratiing-reportd\\\/\",\"url\":\"https:\\\/\\\/ghanare.com\\\/ratiing-reportd\\\/\",\"name\":\"Rating Reports - Ghana Reinsurance PLC\",\"isPartOf\":{\"@id\":\"https:\\\/\\\/ghanare.com\\\/fr\\\/#website\"},\"datePublished\":\"2022-07-17T20:19:54+00:00\",\"dateModified\":\"2022-07-31T21:07:30+00:00\",\"breadcrumb\":{\"@id\":\"https:\\\/\\\/ghanare.com\\\/ratiing-reportd\\\/#breadcrumb\"},\"inLanguage\":\"fr-FR\",\"potentialAction\":[{\"@type\":\"ReadAction\",\"target\":[\"https:\\\/\\\/ghanare.com\\\/ratiing-reportd\\\/\"]}]},{\"@type\":\"BreadcrumbList\",\"@id\":\"https:\\\/\\\/ghanare.com\\\/ratiing-reportd\\\/#breadcrumb\",\"itemListElement\":[{\"@type\":\"ListItem\",\"position\":1,\"name\":\"Home\",\"item\":\"https:\\\/\\\/ghanare.com\\\/\"},{\"@type\":\"ListItem\",\"position\":2,\"name\":\"Rating Reports\"}]},{\"@type\":\"WebSite\",\"@id\":\"https:\\\/\\\/ghanare.com\\\/fr\\\/#website\",\"url\":\"https:\\\/\\\/ghanare.com\\\/fr\\\/\",\"name\":\"Ghana Reinsurance PLC\",\"description\":\"Your Trusted Reinsurance Partner\",\"publisher\":{\"@id\":\"https:\\\/\\\/ghanare.com\\\/fr\\\/#organization\"},\"potentialAction\":[{\"@type\":\"SearchAction\",\"target\":{\"@type\":\"EntryPoint\",\"urlTemplate\":\"https:\\\/\\\/ghanare.com\\\/fr\\\/?s={search_term_string}\"},\"query-input\":{\"@type\":\"PropertyValueSpecification\",\"valueRequired\":true,\"valueName\":\"search_term_string\"}}],\"inLanguage\":\"fr-FR\"},{\"@type\":\"Organization\",\"@id\":\"https:\\\/\\\/ghanare.com\\\/fr\\\/#organization\",\"name\":\"Ghana Reinsurance PLC\",\"url\":\"https:\\\/\\\/ghanare.com\\\/fr\\\/\",\"logo\":{\"@type\":\"ImageObject\",\"inLanguage\":\"fr-FR\",\"@id\":\"https:\\\/\\\/ghanare.com\\\/fr\\\/#\\\/schema\\\/logo\\\/image\\\/\",\"url\":\"https:\\\/\\\/i0.wp.com\\\/ghanare.com\\\/wp-content\\\/uploads\\\/2022\\\/07\\\/GHANARE-LOGO3.png?fit=400%2C87&ssl=1\",\"contentUrl\":\"https:\\\/\\\/i0.wp.com\\\/ghanare.com\\\/wp-content\\\/uploads\\\/2022\\\/07\\\/GHANARE-LOGO3.png?fit=400%2C87&ssl=1\",\"width\":400,\"height\":87,\"caption\":\"Ghana Reinsurance PLC\"},\"image\":{\"@id\":\"https:\\\/\\\/ghanare.com\\\/fr\\\/#\\\/schema\\\/logo\\\/image\\\/\"},\"sameAs\":[\"https:\\\/\\\/facebook.com\\\/ghanareofficial\",\"https:\\\/\\\/x.com\\\/ghanareofficial\",\"https:\\\/\\\/www.youtube.com\\\/channel\\\/UCfW8vuZ7AmQggVXvywlZRMg\",\"https:\\\/\\\/www.instagram.com\\\/ghanareofficial\\\/\"]}]}<\/script>\n<!-- \/ Yoast SEO plugin. -->","yoast_head_json":{"title":"Rating Reports - Ghana Reinsurance PLC","robots":{"index":"index","follow":"follow","max-snippet":"max-snippet:-1","max-image-preview":"max-image-preview:large","max-video-preview":"max-video-preview:-1"},"canonical":"https:\/\/ghanare.com\/fr\/ratiing-reportd\/","og_locale":"fr_FR","og_type":"article","og_title":"Rating Reports - Ghana Reinsurance PLC","og_description":"\u201cWe have the capabilities and experience to deliver the answers you need to move forward.\u201d Rating Reports Rating Report 2021 Language: English Download Now Rating Report 2020 Language: English Download","og_url":"https:\/\/ghanare.com\/fr\/ratiing-reportd\/","og_site_name":"Ghana Reinsurance PLC","article_publisher":"https:\/\/facebook.com\/ghanareofficial","article_modified_time":"2022-07-31T21:07:30+00:00","twitter_card":"summary_large_image","twitter_site":"@ghanareofficial","schema":{"@context":"https:\/\/schema.org","@graph":[{"@type":"WebPage","@id":"https:\/\/ghanare.com\/ratiing-reportd\/","url":"https:\/\/ghanare.com\/ratiing-reportd\/","name":"Rating Reports - Ghana Reinsurance PLC","isPartOf":{"@id":"https:\/\/ghanare.com\/fr\/#website"},"datePublished":"2022-07-17T20:19:54+00:00","dateModified":"2022-07-31T21:07:30+00:00","breadcrumb":{"@id":"https:\/\/ghanare.com\/ratiing-reportd\/#breadcrumb"},"inLanguage":"fr-FR","potentialAction":[{"@type":"ReadAction","target":["https:\/\/ghanare.com\/ratiing-reportd\/"]}]},{"@type":"BreadcrumbList","@id":"https:\/\/ghanare.com\/ratiing-reportd\/#breadcrumb","itemListElement":[{"@type":"ListItem","position":1,"name":"Home","item":"https:\/\/ghanare.com\/"},{"@type":"ListItem","position":2,"name":"Rating Reports"}]},{"@type":"WebSite","@id":"https:\/\/ghanare.com\/fr\/#website","url":"https:\/\/ghanare.com\/fr\/","name":"Ghana Reinsurance PLC","description":"Votre partenaire de r\u00e9assurance de confiance","publisher":{"@id":"https:\/\/ghanare.com\/fr\/#organization"},"potentialAction":[{"@type":"SearchAction","target":{"@type":"EntryPoint","urlTemplate":"https:\/\/ghanare.com\/fr\/?s={search_term_string}"},"query-input":{"@type":"PropertyValueSpecification","valueRequired":true,"valueName":"search_term_string"}}],"inLanguage":"fr-FR"},{"@type":"Organization","@id":"https:\/\/ghanare.com\/fr\/#organization","name":"Ghana Reinsurance PLC","url":"https:\/\/ghanare.com\/fr\/","logo":{"@type":"ImageObject","inLanguage":"fr-FR","@id":"https:\/\/ghanare.com\/fr\/#\/schema\/logo\/image\/","url":"https:\/\/i0.wp.com\/ghanare.com\/wp-content\/uploads\/2022\/07\/GHANARE-LOGO3.png?fit=400%2C87&ssl=1","contentUrl":"https:\/\/i0.wp.com\/ghanare.com\/wp-content\/uploads\/2022\/07\/GHANARE-LOGO3.png?fit=400%2C87&ssl=1","width":400,"height":87,"caption":"Ghana Reinsurance PLC"},"image":{"@id":"https:\/\/ghanare.com\/fr\/#\/schema\/logo\/image\/"},"sameAs":["https:\/\/facebook.com\/ghanareofficial","https:\/\/x.com\/ghanareofficial","https:\/\/www.youtube.com\/channel\/UCfW8vuZ7AmQggVXvywlZRMg","https:\/\/www.instagram.com\/ghanareofficial\/"]}]}},"_links":{"self":[{"href":"https:\/\/ghanare.com\/fr\/wp-json\/wp\/v2\/pages\/7194","targetHints":{"allow":["GET"]}}],"collection":[{"href":"https:\/\/ghanare.com\/fr\/wp-json\/wp\/v2\/pages"}],"about":[{"href":"https:\/\/ghanare.com\/fr\/wp-json\/wp\/v2\/types\/page"}],"author":[{"embeddable":true,"href":"https:\/\/ghanare.com\/fr\/wp-json\/wp\/v2\/users\/1"}],"replies":[{"embeddable":true,"href":"https:\/\/ghanare.com\/fr\/wp-json\/wp\/v2\/comments?post=7194"}],"version-history":[{"count":0,"href":"https:\/\/ghanare.com\/fr\/wp-json\/wp\/v2\/pages\/7194\/revisions"}],"wp:attachment":[{"href":"https:\/\/ghanare.com\/fr\/wp-json\/wp\/v2\/media?parent=7194"}],"curies":[{"name":"wp","href":"https:\/\/api.w.org\/{rel}","templated":true}]}}