{"id":7216,"date":"2022-07-18T09:45:49","date_gmt":"2022-07-18T09:45:49","guid":{"rendered":"http:\/\/ghanare.com\/?page_id=7216"},"modified":"2022-09-06T00:13:22","modified_gmt":"2022-09-06T00:13:22","slug":"md-anniversary-message","status":"publish","type":"page","link":"https:\/\/ghanare.com\/fr\/md-anniversary-message\/","title":{"rendered":"Message d&#039;anniversaire de MD"},"content":{"rendered":"<body>\t\t<div data-elementor-type=\"wp-page\" data-elementor-id=\"7216\" class=\"elementor elementor-7216\">\n\t\t\t\t\t\t<section class=\"elementor-section elementor-top-section elementor-element elementor-element-55bf7f41 elementor-section-content-middle elementor-section-boxed elementor-section-height-default elementor-section-height-default\" data-id=\"55bf7f41\" data-element_type=\"section\" data-e-type=\"section\">\n\t\t\t\t\t\t<div class=\"elementor-container elementor-column-gap-default\">\n\t\t\t\t\t<div class=\"elementor-column elementor-col-50 elementor-top-column elementor-element elementor-element-371c31bf\" data-id=\"371c31bf\" data-element_type=\"column\" data-e-type=\"column\">\n\t\t\t<div class=\"elementor-widget-wrap elementor-element-populated\">\n\t\t\t\t\t\t<div class=\"elementor-element elementor-element-104ff9e5 consulting-thumbnail-with-frame elementor-widget elementor-widget-image\" data-id=\"104ff9e5\" data-element_type=\"widget\" data-e-type=\"widget\" data-widget_type=\"image.default\">\n\t\t\t\t<div class=\"elementor-widget-container\">\n\t\t\t\t\t\t\t\t\t\t\t\t\t\t\t<img loading=\"lazy\" decoding=\"async\" width=\"600\" height=\"900\" src=\"https:\/\/i0.wp.com\/ghanare.com\/wp-content\/uploads\/2022\/07\/D1020010-1.jpg?fit=600%2C900&amp;ssl=1\" class=\"attachment-large size-large wp-image-8049\" alt=\"\" srcset=\"https:\/\/i0.wp.com\/ghanare.com\/wp-content\/uploads\/2022\/07\/D1020010-1.jpg?w=600&amp;ssl=1 600w, https:\/\/i0.wp.com\/ghanare.com\/wp-content\/uploads\/2022\/07\/D1020010-1.jpg?resize=200%2C300&amp;ssl=1 200w\" sizes=\"auto, (max-width: 600px) 100vw, 600px\">\t\t\t\t\t\t\t\t\t\t\t\t\t\t\t<\/div>\n\t\t\t\t<\/div>\n\t\t\t\t\t<\/div>\n\t\t<\/div>\n\t\t\t\t<div class=\"elementor-column elementor-col-50 elementor-top-column elementor-element elementor-element-2992f720\" data-id=\"2992f720\" data-element_type=\"column\" data-e-type=\"column\">\n\t\t\t<div class=\"elementor-widget-wrap elementor-element-populated\">\n\t\t\t\t\t\t<div class=\"elementor-element elementor-element-77645ac2 elementor-widget elementor-widget-vc_custom_heading\" data-id=\"77645ac2\" data-element_type=\"widget\" data-e-type=\"widget\" data-widget_type=\"vc_custom_heading.default\">\n\t\t\t\t<div class=\"elementor-widget-container\">\n\t\t\t\t\t<div class=\"vc_custom_heading center-in-mobile consulting_heading_font  text_align_left title_no_stripe\"><h2 style=\"text-align: left\" class=\"consulting-custom-title\">Message sp\u00e9cial de notre Directeur G\u00e9n\u00e9ral\n<\/h2><\/div>\t\t\t\t<\/div>\n\t\t\t\t<\/div>\n\t\t\t\t<section class=\"elementor-section elementor-inner-section elementor-element elementor-element-22ab129d elementor-section-boxed elementor-section-height-default elementor-section-height-default\" data-id=\"22ab129d\" data-element_type=\"section\" data-e-type=\"section\">\n\t\t\t\t\t\t<div class=\"elementor-container elementor-column-gap-default\">\n\t\t\t\t\t<div class=\"elementor-column elementor-col-33 elementor-inner-column elementor-element elementor-element-3b091efe\" data-id=\"3b091efe\" data-element_type=\"column\" data-e-type=\"column\">\n\t\t\t<div class=\"elementor-widget-wrap elementor-element-populated\">\n\t\t\t\t\t\t<div class=\"elementor-element elementor-element-37697c73 elementor-widget elementor-widget-stm_icon_box\" data-id=\"37697c73\" data-element_type=\"widget\" data-e-type=\"widget\" data-widget_type=\"stm_icon_box.default\">\n\t\t\t\t<div class=\"elementor-widget-container\">\n\t\t\t\t\t\r\n\r\n<a href=\"http:\/\/ghanareproject.enolvi.com\/ghanare-at-50\/\" target=\"_self\" class=\"icon_box  elementor-consulting-icon-box style_10 clearfix\">\r\n    <div class=\"icon_box_inner\">\r\n                            <h4 class=\"font-color_base\">Visitez la page officielle de l&#039;anniversaire\n<\/h4>\r\n                    <\/div>\r\n<\/a>\t\t\t\t<\/div>\n\t\t\t\t<\/div>\n\t\t\t\t\t<\/div>\n\t\t<\/div>\n\t\t\t\t<div class=\"elementor-column elementor-col-33 elementor-inner-column elementor-element elementor-element-4820de3f\" data-id=\"4820de3f\" data-element_type=\"column\" data-e-type=\"column\">\n\t\t\t<div class=\"elementor-widget-wrap elementor-element-populated\">\n\t\t\t\t\t\t<div class=\"elementor-element elementor-element-3d1684e8 elementor-widget elementor-widget-stm_icon_box\" data-id=\"3d1684e8\" data-element_type=\"widget\" data-e-type=\"widget\" data-widget_type=\"stm_icon_box.default\">\n\t\t\t\t<div class=\"elementor-widget-container\">\n\t\t\t\t\t\r\n\r\n<a href=\"\" target=\"_self\" class=\"icon_box  elementor-consulting-icon-box style_10 clearfix\">\r\n    <div class=\"icon_box_inner\">\r\n                            <h4 class=\"font-color_base\">Abonnez-vous pour recevoir la mise \u00e0 jour\n<\/h4>\r\n                    <\/div>\r\n<\/a>\t\t\t\t<\/div>\n\t\t\t\t<\/div>\n\t\t\t\t\t<\/div>\n\t\t<\/div>\n\t\t\t\t<div class=\"elementor-column elementor-col-33 elementor-inner-column elementor-element elementor-element-5702790c\" data-id=\"5702790c\" data-element_type=\"column\" data-e-type=\"column\">\n\t\t\t<div class=\"elementor-widget-wrap elementor-element-populated\">\n\t\t\t\t\t\t<div class=\"elementor-element elementor-element-58655a95 elementor-widget elementor-widget-stm_icon_box\" data-id=\"58655a95\" data-element_type=\"widget\" data-e-type=\"widget\" data-widget_type=\"stm_icon_box.default\">\n\t\t\t\t<div class=\"elementor-widget-container\">\n\t\t\t\t\t\r\n\r\n<a href=\"\" target=\"_self\" class=\"icon_box  elementor-consulting-icon-box style_10 clearfix\">\r\n    <div class=\"icon_box_inner\">\r\n                            <h4 class=\"font-color_base\">Parcourir la galerie d&#039;anniversaire\n<\/h4>\r\n                    <\/div>\r\n<\/a>\t\t\t\t<\/div>\n\t\t\t\t<\/div>\n\t\t\t\t\t<\/div>\n\t\t<\/div>\n\t\t\t\t\t<\/div>\n\t\t<\/section>\n\t\t\t\t<div class=\"elementor-element elementor-element-889b524 elementor-widget elementor-widget-text-editor\" data-id=\"889b524\" data-element_type=\"widget\" data-e-type=\"widget\" data-widget_type=\"text-editor.default\">\n\t\t\t\t<div class=\"elementor-widget-container\">\n\t\t\t\t\t\t\t\t\t<p class=\"translation-block\">Ghana Reinsurance PLC est ravie de vous accueillir sur son site web \u00e0 l\u2019occasion de la c\u00e9l\u00e9bration de son 50<sup>e<\/sup> anniversaire. Cr\u00e9\u00e9e en octobre 1972, Ghana Re a \u00e9t\u00e9 initialement mise en place pour offrir une capacit\u00e9 de r\u00e9assurance au march\u00e9 local. Aujourd\u2019hui, d\u2019un d\u00e9part modeste en tant qu\u2019unit\u00e9 commerciale et apr\u00e8s des p\u00e9riodes d\u2019\u00e9volution marquantes, la Compagnie d\u00e9passe les fronti\u00e8res du Ghana pour fournir des services de r\u00e9assurance et d\u2019autres prestations connexes \u00e0 l\u2019ensemble du continent africain et au-del\u00e0.<\/p>\n<p>Cinquante (50) ann\u00e9es dans la vie de toute personne repr\u00e9sentent une \u00e9tape importante ; il en est de m\u00eame pour une organisation telle que Ghana Re. Notre c\u00e9l\u00e9bration est cependant un moment de r\u00e9flexion sur notre parcours de cinquante ans et sur la t\u00e9nacit\u00e9 de tous ceux qui ont trac\u00e9 la vision nous ayant men\u00e9s jusqu\u2019ici. Plus encore, c\u2019est un moment pour se tourner vers l\u2019avenir et se concentrer sur la r\u00e9alisation des grandes ambitions r\u00eav\u00e9es par nos p\u00e8res fondateurs.<\/p>\n<p>\u00c0 cet \u00e9gard, je saisis l\u2019occasion de rendre hommage:<\/p>\n<ul>\n<li>\u00e0 mes illustres pr\u00e9d\u00e9cesseurs, qui ont pris des d\u00e9cisions audacieuses et difficiles afin d\u2019assurer la p\u00e9rennit\u00e9 de l\u2019entreprise ;<\/li>\n<li>au Conseil d\u2019Administration, \u00e0 la Direction et au Personnel (anciens comme actuels), qui ont servi Ghana Re avec d\u00e9vouement tout au long de ses cinq d\u00e9cennies d\u2019existence ;<\/li>\n<li>\u00e0 nos c\u00e9dantes fid\u00e8les et \u00e0 nos partenaires commerciaux au Ghana, en Afrique et au-del\u00e0, qui ont fait confiance \u00e0 notre comp\u00e9tence et \u00e0 notre capacit\u00e9 \u00e0 fournir des services de r\u00e9assurance irr\u00e9prochables, tout en faisant preuve d\u2019une loyaut\u00e9 exceptionnelle dans nos relations d\u2019affaires.<\/li>\n<\/ul>\n<p>Nous regardons en arri\u00e8re avec une grande fiert\u00e9 et demeurons plus d\u00e9termin\u00e9s que jamais \u00e0 r\u00e9aliser les r\u00eaves de nos p\u00e8res fondateurs, car cinquante ans plus tard, Ghana Re reste une organisation dynamique, garantissant une solidit\u00e9 financi\u00e8re gr\u00e2ce \u00e0 la fourniture de services de r\u00e9assurance d\u2019excellence.<\/p>\n<p>Pour que Ghana Re reste une entit\u00e9 commerciale prosp\u00e8re et rentable, nous avons encore beaucoup \u00e0 faire et \u00e0 accomplir. Mais cinquante ans plus tard, notre ambition reste la m\u00eame : \u00eatre votre r\u00e9assureur de choix. Nous sommes d\u00e9termin\u00e9s \u00e0 ne pas nous d\u00e9partir de cet objectif au cours des 50 prochaines ann\u00e9es de notre voyage.<\/p>\n<p>Encore une fois, bienvenue sur notre site Web et sur notre futur parcours!<\/p>\n\t\t\t\t\t\t\t\t<\/div>\n\t\t\t\t<\/div>\n\t\t\t\t\t<\/div>\n\t\t<\/div>\n\t\t\t\t\t<\/div>\n\t\t<\/section>\n\t\t\t\t<section class=\"elementor-section elementor-top-section elementor-element elementor-element-2eb855cd elementor-section-boxed elementor-section-height-default elementor-section-height-default\" data-id=\"2eb855cd\" data-element_type=\"section\" data-e-type=\"section\" data-settings='{\"background_background\":\"classic\"}'>\n\t\t\t\t\t\t<div class=\"elementor-container elementor-column-gap-default\">\n\t\t\t\t\t<div class=\"elementor-column elementor-col-33 elementor-top-column elementor-element elementor-element-5af624b8\" data-id=\"5af624b8\" data-element_type=\"column\" data-e-type=\"column\">\n\t\t\t<div class=\"elementor-widget-wrap\">\n\t\t\t\t\t\t\t<\/div>\n\t\t<\/div>\n\t\t\t\t<div class=\"elementor-column elementor-col-33 elementor-top-column elementor-element elementor-element-76fa2c43\" data-id=\"76fa2c43\" data-element_type=\"column\" data-e-type=\"column\">\n\t\t\t<div class=\"elementor-widget-wrap elementor-element-populated\">\n\t\t\t\t\t\t<div class=\"elementor-element elementor-element-4937352b elementor-widget elementor-widget-vc_custom_heading\" data-id=\"4937352b\" data-element_type=\"widget\" data-e-type=\"widget\" data-widget_type=\"vc_custom_heading.default\">\n\t\t\t\t<div class=\"elementor-widget-container\">\n\t\t\t\t\t<div class=\"vc_custom_heading  consulting_heading_font  text_align_center title_no_stripe\"><h2 style=\"text-align: center\" class=\"consulting-custom-title\">Abonnez-vous pour recevoir nos nouvelles\n<\/h2><\/div>\t\t\t\t<\/div>\n\t\t\t\t<\/div>\n\t\t\t\t<div class=\"elementor-element elementor-element-1ac557d0 elementor-widget__width-initial elementor-widget elementor-widget-html\" data-id=\"1ac557d0\" data-element_type=\"widget\" data-e-type=\"widget\" data-widget_type=\"html.default\">\n\t\t\t\t<div class=\"elementor-widget-container\">\n\t\t\t\t\t<script>(function() {\n\twindow.mc4wp = window.mc4wp || {\n\t\tlisteners: [],\n\t\tforms: {\n\t\t\ton: function(evt, cb) {\n\t\t\t\twindow.mc4wp.listeners.push(\n\t\t\t\t\t{\n\t\t\t\t\t\tevent   : evt,\n\t\t\t\t\t\tcallback: cb\n\t\t\t\t\t}\n\t\t\t\t);\n\t\t\t}\n\t\t}\n\t}\n})();\n<\/script><!-- Mailchimp for WordPress v4.12.2 - https:\/\/wordpress.org\/plugins\/mailchimp-for-wp\/ --><form id=\"mc4wp-form-1\" class=\"mc4wp-form mc4wp-form-7328 mc4wp-form-theme mc4wp-form-theme-light\" method=\"post\" data-id=\"7328\" data-name=\"GhanaRe\" action=\"\"><div class=\"mc4wp-form-fields\"><p>\r\n\t<label>\r\n\t\t<input type=\"email\" name=\"EMAIL\" placeholder=\"Votre adresse courriel\" required>\r\n<\/label>\r\n<\/p>\r\n\r\n<p>\r\n\t<input type=\"submit\" value=\"S&#039;enregistrer\">\r\n<\/p><\/div><label style=\"display: none !important;\">Laissez ce champ vide si vous \u00eates humain\u00a0: <input type=\"text\" name=\"_mc4wp_honeypot\" value=\"\" tabindex=\"-1\" autocomplete=\"off\"><\/label><input type=\"hidden\" name=\"_mc4wp_timestamp\" value=\"1777240451\"><input type=\"hidden\" name=\"_mc4wp_form_id\" value=\"7328\"><input type=\"hidden\" name=\"_mc4wp_form_element_id\" value=\"mc4wp-form-1\"><div class=\"mc4wp-response\"><\/div><input type=\"hidden\" name=\"trp-form-language\" value=\"fr\"\/><\/form><!-- \/ Mailchimp for WordPress Plugin -->\t\t\t\t<\/div>\n\t\t\t\t<\/div>\n\t\t\t\t\t<\/div>\n\t\t<\/div>\n\t\t\t\t<div class=\"elementor-column elementor-col-33 elementor-top-column elementor-element elementor-element-6f475dd9\" data-id=\"6f475dd9\" data-element_type=\"column\" data-e-type=\"column\">\n\t\t\t<div class=\"elementor-widget-wrap\">\n\t\t\t\t\t\t\t<\/div>\n\t\t<\/div>\n\t\t\t\t\t<\/div>\n\t\t<\/section>\n\t\t\t\t<\/div>\n\t\t<\/body>","protected":false},"excerpt":{"rendered":"<p>Special Message from our Managing Director Visit Official Anniversary page Suscribe to receive Update Browse Anniversary Gallery Ghana Reinsurance PLC is delighted to welcome you to our website as we<\/p>","protected":false},"author":1,"featured_media":0,"parent":0,"menu_order":0,"comment_status":"closed","ping_status":"closed","template":"","meta":{"om_disable_all_campaigns":false,"footnotes":""},"class_list":["post-7216","page","type-page","status-publish","hentry"],"yoast_head":"<!-- This site is optimized with the Yoast SEO plugin v27.4 - https:\/\/yoast.com\/product\/yoast-seo-wordpress\/ -->\n<title>MD Anniversary Message - Ghana Reinsurance PLC<\/title>\n<meta name=\"robots\" content=\"index, follow, max-snippet:-1, max-image-preview:large, max-video-preview:-1\" \/>\n<link rel=\"canonical\" href=\"https:\/\/ghanare.com\/fr\/md-anniversary-message\/\" \/>\n<meta property=\"og:locale\" content=\"fr_FR\" \/>\n<meta property=\"og:type\" content=\"article\" \/>\n<meta property=\"og:title\" content=\"MD Anniversary Message - Ghana Reinsurance PLC\" \/>\n<meta property=\"og:description\" content=\"Special Message from our Managing Director Visit Official Anniversary page Suscribe to receive Update Browse Anniversary Gallery Ghana Reinsurance PLC is delighted to welcome you to our website as we\" \/>\n<meta property=\"og:url\" content=\"https:\/\/ghanare.com\/fr\/md-anniversary-message\/\" \/>\n<meta property=\"og:site_name\" content=\"Ghana Reinsurance PLC\" \/>\n<meta property=\"article:publisher\" content=\"https:\/\/facebook.com\/ghanareofficial\" \/>\n<meta property=\"article:modified_time\" content=\"2022-09-06T00:13:22+00:00\" \/>\n<meta property=\"og:image\" content=\"https:\/\/ghanare.com\/wp-content\/uploads\/2022\/07\/D1020010-1.jpg\" \/>\n<meta name=\"twitter:card\" content=\"summary_large_image\" \/>\n<meta name=\"twitter:site\" content=\"@ghanareofficial\" \/>\n<meta name=\"twitter:label1\" content=\"Dur\u00e9e de lecture estim\u00e9e\" \/>\n\t<meta name=\"twitter:data1\" content=\"2 minutes\" \/>\n<script type=\"application\/ld+json\" class=\"yoast-schema-graph\">{\"@context\":\"https:\\\/\\\/schema.org\",\"@graph\":[{\"@type\":\"WebPage\",\"@id\":\"https:\\\/\\\/ghanare.com\\\/md-anniversary-message\\\/\",\"url\":\"https:\\\/\\\/ghanare.com\\\/md-anniversary-message\\\/\",\"name\":\"MD Anniversary Message - Ghana Reinsurance PLC\",\"isPartOf\":{\"@id\":\"https:\\\/\\\/ghanare.com\\\/fr\\\/#website\"},\"primaryImageOfPage\":{\"@id\":\"https:\\\/\\\/ghanare.com\\\/md-anniversary-message\\\/#primaryimage\"},\"image\":{\"@id\":\"https:\\\/\\\/ghanare.com\\\/md-anniversary-message\\\/#primaryimage\"},\"thumbnailUrl\":\"https:\\\/\\\/ghanare.com\\\/wp-content\\\/uploads\\\/2022\\\/07\\\/D1020010-1.jpg\",\"datePublished\":\"2022-07-18T09:45:49+00:00\",\"dateModified\":\"2022-09-06T00:13:22+00:00\",\"breadcrumb\":{\"@id\":\"https:\\\/\\\/ghanare.com\\\/md-anniversary-message\\\/#breadcrumb\"},\"inLanguage\":\"fr-FR\",\"potentialAction\":[{\"@type\":\"ReadAction\",\"target\":[\"https:\\\/\\\/ghanare.com\\\/md-anniversary-message\\\/\"]}]},{\"@type\":\"ImageObject\",\"inLanguage\":\"fr-FR\",\"@id\":\"https:\\\/\\\/ghanare.com\\\/md-anniversary-message\\\/#primaryimage\",\"url\":\"https:\\\/\\\/ghanare.com\\\/wp-content\\\/uploads\\\/2022\\\/07\\\/D1020010-1.jpg\",\"contentUrl\":\"https:\\\/\\\/ghanare.com\\\/wp-content\\\/uploads\\\/2022\\\/07\\\/D1020010-1.jpg\"},{\"@type\":\"BreadcrumbList\",\"@id\":\"https:\\\/\\\/ghanare.com\\\/md-anniversary-message\\\/#breadcrumb\",\"itemListElement\":[{\"@type\":\"ListItem\",\"position\":1,\"name\":\"Home\",\"item\":\"https:\\\/\\\/ghanare.com\\\/\"},{\"@type\":\"ListItem\",\"position\":2,\"name\":\"MD Anniversary Message\"}]},{\"@type\":\"WebSite\",\"@id\":\"https:\\\/\\\/ghanare.com\\\/fr\\\/#website\",\"url\":\"https:\\\/\\\/ghanare.com\\\/fr\\\/\",\"name\":\"Ghana Reinsurance PLC\",\"description\":\"Your Trusted Reinsurance Partner\",\"publisher\":{\"@id\":\"https:\\\/\\\/ghanare.com\\\/fr\\\/#organization\"},\"potentialAction\":[{\"@type\":\"SearchAction\",\"target\":{\"@type\":\"EntryPoint\",\"urlTemplate\":\"https:\\\/\\\/ghanare.com\\\/fr\\\/?s={search_term_string}\"},\"query-input\":{\"@type\":\"PropertyValueSpecification\",\"valueRequired\":true,\"valueName\":\"search_term_string\"}}],\"inLanguage\":\"fr-FR\"},{\"@type\":\"Organization\",\"@id\":\"https:\\\/\\\/ghanare.com\\\/fr\\\/#organization\",\"name\":\"Ghana Reinsurance PLC\",\"url\":\"https:\\\/\\\/ghanare.com\\\/fr\\\/\",\"logo\":{\"@type\":\"ImageObject\",\"inLanguage\":\"fr-FR\",\"@id\":\"https:\\\/\\\/ghanare.com\\\/fr\\\/#\\\/schema\\\/logo\\\/image\\\/\",\"url\":\"https:\\\/\\\/i0.wp.com\\\/ghanare.com\\\/wp-content\\\/uploads\\\/2022\\\/07\\\/GHANARE-LOGO3.png?fit=400%2C87&ssl=1\",\"contentUrl\":\"https:\\\/\\\/i0.wp.com\\\/ghanare.com\\\/wp-content\\\/uploads\\\/2022\\\/07\\\/GHANARE-LOGO3.png?fit=400%2C87&ssl=1\",\"width\":400,\"height\":87,\"caption\":\"Ghana Reinsurance PLC\"},\"image\":{\"@id\":\"https:\\\/\\\/ghanare.com\\\/fr\\\/#\\\/schema\\\/logo\\\/image\\\/\"},\"sameAs\":[\"https:\\\/\\\/facebook.com\\\/ghanareofficial\",\"https:\\\/\\\/x.com\\\/ghanareofficial\",\"https:\\\/\\\/www.youtube.com\\\/channel\\\/UCfW8vuZ7AmQggVXvywlZRMg\",\"https:\\\/\\\/www.instagram.com\\\/ghanareofficial\\\/\"]}]}<\/script>\n<!-- \/ Yoast SEO plugin. -->","yoast_head_json":{"title":"MD Anniversary Message - Ghana Reinsurance PLC","robots":{"index":"index","follow":"follow","max-snippet":"max-snippet:-1","max-image-preview":"max-image-preview:large","max-video-preview":"max-video-preview:-1"},"canonical":"https:\/\/ghanare.com\/fr\/md-anniversary-message\/","og_locale":"fr_FR","og_type":"article","og_title":"MD Anniversary Message - Ghana Reinsurance PLC","og_description":"Special Message from our Managing Director Visit Official Anniversary page Suscribe to receive Update Browse Anniversary Gallery Ghana Reinsurance PLC is delighted to welcome you to our website as we","og_url":"https:\/\/ghanare.com\/fr\/md-anniversary-message\/","og_site_name":"Ghana Reinsurance PLC","article_publisher":"https:\/\/facebook.com\/ghanareofficial","article_modified_time":"2022-09-06T00:13:22+00:00","og_image":[{"url":"https:\/\/ghanare.com\/wp-content\/uploads\/2022\/07\/D1020010-1.jpg","type":"","width":"","height":""}],"twitter_card":"summary_large_image","twitter_site":"@ghanareofficial","twitter_misc":{"Dur\u00e9e de lecture estim\u00e9e":"2 minutes"},"schema":{"@context":"https:\/\/schema.org","@graph":[{"@type":"WebPage","@id":"https:\/\/ghanare.com\/md-anniversary-message\/","url":"https:\/\/ghanare.com\/md-anniversary-message\/","name":"MD Anniversary Message - Ghana Reinsurance PLC","isPartOf":{"@id":"https:\/\/ghanare.com\/fr\/#website"},"primaryImageOfPage":{"@id":"https:\/\/ghanare.com\/md-anniversary-message\/#primaryimage"},"image":{"@id":"https:\/\/ghanare.com\/md-anniversary-message\/#primaryimage"},"thumbnailUrl":"https:\/\/ghanare.com\/wp-content\/uploads\/2022\/07\/D1020010-1.jpg","datePublished":"2022-07-18T09:45:49+00:00","dateModified":"2022-09-06T00:13:22+00:00","breadcrumb":{"@id":"https:\/\/ghanare.com\/md-anniversary-message\/#breadcrumb"},"inLanguage":"fr-FR","potentialAction":[{"@type":"ReadAction","target":["https:\/\/ghanare.com\/md-anniversary-message\/"]}]},{"@type":"ImageObject","inLanguage":"fr-FR","@id":"https:\/\/ghanare.com\/md-anniversary-message\/#primaryimage","url":"https:\/\/ghanare.com\/wp-content\/uploads\/2022\/07\/D1020010-1.jpg","contentUrl":"https:\/\/ghanare.com\/wp-content\/uploads\/2022\/07\/D1020010-1.jpg"},{"@type":"BreadcrumbList","@id":"https:\/\/ghanare.com\/md-anniversary-message\/#breadcrumb","itemListElement":[{"@type":"ListItem","position":1,"name":"Home","item":"https:\/\/ghanare.com\/"},{"@type":"ListItem","position":2,"name":"MD Anniversary Message"}]},{"@type":"WebSite","@id":"https:\/\/ghanare.com\/fr\/#website","url":"https:\/\/ghanare.com\/fr\/","name":"Ghana Reinsurance PLC","description":"Votre partenaire de r\u00e9assurance de confiance","publisher":{"@id":"https:\/\/ghanare.com\/fr\/#organization"},"potentialAction":[{"@type":"SearchAction","target":{"@type":"EntryPoint","urlTemplate":"https:\/\/ghanare.com\/fr\/?s={search_term_string}"},"query-input":{"@type":"PropertyValueSpecification","valueRequired":true,"valueName":"search_term_string"}}],"inLanguage":"fr-FR"},{"@type":"Organization","@id":"https:\/\/ghanare.com\/fr\/#organization","name":"Ghana Reinsurance PLC","url":"https:\/\/ghanare.com\/fr\/","logo":{"@type":"ImageObject","inLanguage":"fr-FR","@id":"https:\/\/ghanare.com\/fr\/#\/schema\/logo\/image\/","url":"https:\/\/i0.wp.com\/ghanare.com\/wp-content\/uploads\/2022\/07\/GHANARE-LOGO3.png?fit=400%2C87&ssl=1","contentUrl":"https:\/\/i0.wp.com\/ghanare.com\/wp-content\/uploads\/2022\/07\/GHANARE-LOGO3.png?fit=400%2C87&ssl=1","width":400,"height":87,"caption":"Ghana Reinsurance PLC"},"image":{"@id":"https:\/\/ghanare.com\/fr\/#\/schema\/logo\/image\/"},"sameAs":["https:\/\/facebook.com\/ghanareofficial","https:\/\/x.com\/ghanareofficial","https:\/\/www.youtube.com\/channel\/UCfW8vuZ7AmQggVXvywlZRMg","https:\/\/www.instagram.com\/ghanareofficial\/"]}]}},"_links":{"self":[{"href":"https:\/\/ghanare.com\/fr\/wp-json\/wp\/v2\/pages\/7216","targetHints":{"allow":["GET"]}}],"collection":[{"href":"https:\/\/ghanare.com\/fr\/wp-json\/wp\/v2\/pages"}],"about":[{"href":"https:\/\/ghanare.com\/fr\/wp-json\/wp\/v2\/types\/page"}],"author":[{"embeddable":true,"href":"https:\/\/ghanare.com\/fr\/wp-json\/wp\/v2\/users\/1"}],"replies":[{"embeddable":true,"href":"https:\/\/ghanare.com\/fr\/wp-json\/wp\/v2\/comments?post=7216"}],"version-history":[{"count":0,"href":"https:\/\/ghanare.com\/fr\/wp-json\/wp\/v2\/pages\/7216\/revisions"}],"wp:attachment":[{"href":"https:\/\/ghanare.com\/fr\/wp-json\/wp\/v2\/media?parent=7216"}],"curies":[{"name":"wp","href":"https:\/\/api.w.org\/{rel}","templated":true}]}}